{"id":11,"date":"2019-05-15T02:43:16","date_gmt":"2019-05-15T00:43:16","guid":{"rendered":"http:\/\/www.windland.fi\/?page_id=11"},"modified":"2023-03-26T15:24:38","modified_gmt":"2023-03-26T13:24:38","slug":"luontosynttaerit","status":"publish","type":"page","link":"https:\/\/www.windland.fi\/de\/luontosynttaerit\/","title":{"rendered":"Themengeburtstage in der Natur"},"content":{"rendered":"\n<h5 class=\"wp-block-heading\">Abenteuergeburtstage in der Natur der Region Oulu<\/h5>\n\n\n\n<p>Sind Sie auf der Suche nach Alternativen f\u00fcr den Kindergeburtstag? Alternativen, die den Kinder Spa\u00df und Bewegung in der Natur bieten, die die Gesundheit f\u00f6rdern und am Ende sogar unseren Erdball schonen? Hier finden Sie sie!<\/p>\n\n\n\n<p>Unsere Themengeburtstage bieten den Kindern abwechslungsreiche und spannende Inhalte, viel Bewegung und eine Menge Spa\u00df inmitten der sauberen Natur Finnlands.  <\/p>\n\n\n\n<p>Die <strong>zweist\u00fcndigen Abenteuer<\/strong> sind altersgerecht strukuriert f\u00fcr <strong>Kinder zwischen 5 und 10 Jahren<\/strong> (max. 12 Kinder). Jedes Abenteuer beinhaltet die <strong>Spielleitung, diverse, themenbezogene Materialien sowie Getr\u00e4nke und Lagerfeuer<\/strong>. Den Veranstaltungsort w\u00e4hlen wir in \u00dcbereinstimmung mit den Eltern nach M\u00f6glichkeit in der N\u00e4he des Wohnortes. <\/p>\n\n\n\n<p><a href=\"http:\/\/windland.fi\/de\/tarjoilu\" target=\"_blank\" rel=\"noreferrer noopener\" aria-label=\" (\u00f6ffnet in neuem Tab)\">Essen am Lagerfeuer<\/a> ist als Zusatzleitung buchbar und verl\u00e4ngert die Feier um etwa 45 Minuten. Das Mitbringen von eigenen Speisen und Getr\u00e4nken ist selbstverst\u00e4ndlich erlaubt!<\/p>\n\n\n\n<p>Die Programme werden auf <strong>Finnisch, Deutsch und Englisch<\/strong> durchgef\u00fchrt. <\/p>\n\n\n\n<p>Alle Themengeburtstage werden <strong>nachhaltig<\/strong> geplant und durchgef\u00fchrt. Wir verwenden in erster Linien Natur- und Recyclingmaterialien, auf eine unn\u00f6tige Materialschlacht wird verzichtet und selbstverst\u00e4ndlich finden Sie bei uns kein Einweggeschirr! Die Wahl des Veranstaltungsortes in der N\u00e4he des Wohnorts verhindert dar\u00fcber hinaus unn\u00f6tig lange Anfahrten. <\/p>\n\n\n\n<p class=\"has-text-align-center has-background\" style=\"background-color:#90c8e6\"><strong>Haben Sie oder Ihr Kind eigene Ideen und Vorstellungen? Wir helfen Ihnen gerne bei der Umsetzung!<\/strong><\/p>\n","protected":false},"excerpt":{"rendered":"<p>Abenteuergeburtstage in der Natur der Region Oulu Sind Sie auf der Suche nach Alternativen f\u00fcr den Kindergeburtstag? Alternativen, die den Kinder Spa\u00df und Bewegung in der Natur bieten, die die Gesundheit f\u00f6rdern und am Ende sogar unseren Erdball schonen? Hier finden Sie sie! Unsere Themengeburtstage bieten den Kindern abwechslungsreiche und [&hellip;]<\/p>\n","protected":false},"author":1,"featured_media":339,"parent":0,"menu_order":300,"comment_status":"closed","ping_status":"closed","template":"","meta":{"_coblocks_attr":"","_coblocks_dimensions":"","_coblocks_responsive_height":"","_coblocks_accordion_ie_support":"","footnotes":""},"class_list":["post-11","page","type-page","status-publish","has-post-thumbnail","hentry"],"translation":{"provider":"WPGlobus","version":"3.0.2","language":"de","enabled_languages":["fi","en","de"],"languages":{"fi":{"title":true,"content":true,"excerpt":false},"en":{"title":true,"content":true,"excerpt":false},"de":{"title":true,"content":true,"excerpt":false}}},"_links":{"self":[{"href":"https:\/\/www.windland.fi\/de\/wp-json\/wp\/v2\/pages\/11","targetHints":{"allow":["GET"]}}],"collection":[{"href":"https:\/\/www.windland.fi\/de\/wp-json\/wp\/v2\/pages"}],"about":[{"href":"https:\/\/www.windland.fi\/de\/wp-json\/wp\/v2\/types\/page"}],"author":[{"embeddable":true,"href":"https:\/\/www.windland.fi\/de\/wp-json\/wp\/v2\/users\/1"}],"replies":[{"embeddable":true,"href":"https:\/\/www.windland.fi\/de\/wp-json\/wp\/v2\/comments?post=11"}],"version-history":[{"count":0,"href":"https:\/\/www.windland.fi\/de\/wp-json\/wp\/v2\/pages\/11\/revisions"}],"wp:featuredmedia":[{"embeddable":true,"href":"https:\/\/www.windland.fi\/de\/wp-json\/wp\/v2\/media\/339"}],"wp:attachment":[{"href":"https:\/\/www.windland.fi\/de\/wp-json\/wp\/v2\/media?parent=11"}],"curies":[{"name":"wp","href":"https:\/\/api.w.org\/{rel}","templated":true}]}}