{"id":15,"date":"2019-05-15T12:55:39","date_gmt":"2019-05-15T10:55:39","guid":{"rendered":"http:\/\/www.windland.fi\/?page_id=15"},"modified":"2024-10-27T20:22:47","modified_gmt":"2024-10-27T18:22:47","slug":"rikospaikka-metsae","status":"publish","type":"page","link":"https:\/\/www.windland.fi\/de\/luontosynttaerit\/rikospaikka-metsae\/","title":{"rendered":"Tatort: Wald"},"content":{"rendered":"\n<h5 class=\"wp-block-heading\">Diebstahl! Und das am Tag der Geburtstagsfeier!  <\/h5>\n\n\n\n<p>Bevor die Feier am Lagerfeuer beginnen kann, m\u00fcssen die Kinder gemeinsam das R\u00e4tsel umd den Dieb l\u00f6sen und das Diebesgut sicherstellen! <\/p>\n\n\n\n<p>Nach einer kurzen Einweisung in das Detektivwesen, bei dem die Kinder Tipps und Tricks f\u00fcr die L\u00f6sung des Verbrechens lernen, begeben wir uns bewaffnet mit Lupen, Notizbl\u00f6cken und Stiften auf die Suche nach Dieb und Diebesgut. <\/p>\n\n\n\n<p><strong>Dauer:<\/strong> ca. 1,5 Std. <\/p>\n\n\n\n<p><strong>Teilnehmer:<\/strong> max. 12 Kinder<\/p>\n\n\n\n<p><strong>Alter:<\/strong> 5 \u2013 10 J.<\/p>\n\n\n\n<p><strong>Preis<\/strong>: 235 \u20ac<\/p>\n\n\n\n<p><strong>Leistung:<\/strong> Programm, Spielleitung, Notizbl\u00f6cke, Stifte, Diebesgut, heisser Saft und MwSt. <\/p>\n\n\n\n<p><strong>Startpunkt:<\/strong> Nach Vereinbarung  <\/p>\n\n\n\n<p><em>Die Wahl des Veranstaltungsortes kann sich auf den Endpreis auswirken.<\/em><\/p>\n\n\n\n<p><strong>Zeitraum:<\/strong> April &#8211; November (wetterabh\u00e4ngig)<\/p>\n\n\n\n<p><strong>Ausr\u00fcstung:<\/strong> Wettergem\u00e4\u03b2e Outdoorbekleidung<\/p>\n\n\n\n<p><strong>Sprache:<\/strong> Deutsch, Finnisch, Englisch <\/p>\n\n\n\n<p><strong>Zus\u00e4tzliche Leistung:<\/strong> <a href=\"http:\/\/windland.fi\/de\/tarjoilu\" target=\"_blank\" rel=\"noreferrer noopener\" aria-label=\" (\u00f6ffnet in neuem Tab)\">Essen am Lagerfeuer<\/a><\/p>\n\n\n\n<p><em>Das Mitbringen von eigenen Speisen und Getr\u00e4nken ist selbstverst\u00e4ndlich erlaubt!<\/em><\/p>\n","protected":false},"excerpt":{"rendered":"<p>Diebstahl! Und das am Tag der Geburtstagsfeier! Bevor die Feier am Lagerfeuer beginnen kann, m\u00fcssen die Kinder gemeinsam das R\u00e4tsel umd den Dieb l\u00f6sen und das Diebesgut sicherstellen! Nach einer kurzen Einweisung in das Detektivwesen, bei dem die Kinder Tipps und Tricks f\u00fcr die L\u00f6sung des Verbrechens lernen, begeben wir [&hellip;]<\/p>\n","protected":false},"author":1,"featured_media":346,"parent":11,"menu_order":1,"comment_status":"closed","ping_status":"closed","template":"","meta":{"_coblocks_attr":"","_coblocks_dimensions":"","_coblocks_responsive_height":"","_coblocks_accordion_ie_support":"","footnotes":""},"class_list":["post-15","page","type-page","status-publish","has-post-thumbnail","hentry"],"translation":{"provider":"WPGlobus","version":"3.0.2","language":"de","enabled_languages":["fi","en","de"],"languages":{"fi":{"title":true,"content":true,"excerpt":false},"en":{"title":true,"content":true,"excerpt":false},"de":{"title":true,"content":true,"excerpt":false}}},"_links":{"self":[{"href":"https:\/\/www.windland.fi\/de\/wp-json\/wp\/v2\/pages\/15","targetHints":{"allow":["GET"]}}],"collection":[{"href":"https:\/\/www.windland.fi\/de\/wp-json\/wp\/v2\/pages"}],"about":[{"href":"https:\/\/www.windland.fi\/de\/wp-json\/wp\/v2\/types\/page"}],"author":[{"embeddable":true,"href":"https:\/\/www.windland.fi\/de\/wp-json\/wp\/v2\/users\/1"}],"replies":[{"embeddable":true,"href":"https:\/\/www.windland.fi\/de\/wp-json\/wp\/v2\/comments?post=15"}],"version-history":[{"count":0,"href":"https:\/\/www.windland.fi\/de\/wp-json\/wp\/v2\/pages\/15\/revisions"}],"up":[{"embeddable":true,"href":"https:\/\/www.windland.fi\/de\/wp-json\/wp\/v2\/pages\/11"}],"wp:featuredmedia":[{"embeddable":true,"href":"https:\/\/www.windland.fi\/de\/wp-json\/wp\/v2\/media\/346"}],"wp:attachment":[{"href":"https:\/\/www.windland.fi\/de\/wp-json\/wp\/v2\/media?parent=15"}],"curies":[{"name":"wp","href":"https:\/\/api.w.org\/{rel}","templated":true}]}}