{"id":1844,"date":"2022-09-27T14:08:32","date_gmt":"2022-09-27T12:08:32","guid":{"rendered":"https:\/\/www.windland.fi\/?page_id=1844"},"modified":"2024-11-25T19:13:19","modified_gmt":"2024-11-25T17:13:19","slug":"opaspalvelut","status":"publish","type":"page","link":"https:\/\/www.windland.fi\/de\/opaspalvelut\/","title":{"rendered":"Gef\u00fchrte Touren"},"content":{"rendered":"\n<h3 class=\"wp-block-heading\"><strong>Entdecken Sie Oulu und die Umgebung mit unseren erfahrenen lokalen Guides!<\/strong><\/h3>\n\n\n\n<p>Erkunden Sie die Region Oulu das ganze Jahr \u00fcber mit unseren autorisierten lokalen F\u00fchrern. Wir bieten spannende Stadtrundg\u00e4nge in der lebhaften Stadt Oulu, Ausfl\u00fcge in die charmanten l\u00e4ndlichen Gebiete s\u00fcdlich von Oulu (Liminka, Kempele, Tyrn\u00e4v\u00e4) und unvergessliche Erlebnisse auf der wundersch\u00f6nen Insel Hailuoto.<\/p>\n\n\n\n<p>Sie suchen etwas Einzigartiges? Gerne stimmen wir unsere Touren auf Ihire individuellen W\u00fcnsche ab. Ob kulturelle Erlebnisse, Natur oder eine Kombination aus beidem \u2013 wir gestalten eine unvergessliche Tour nur f\u00fcr Sie.<\/p>\n\n\n\n<p>Sprachen: Finnisch, Englisch und Deutsch.<\/p>\n","protected":false},"excerpt":{"rendered":"<p>Entdecken Sie Oulu und die Umgebung mit unseren erfahrenen lokalen Guides! Erkunden Sie die Region Oulu das ganze Jahr \u00fcber mit unseren autorisierten lokalen F\u00fchrern. Wir bieten spannende Stadtrundg\u00e4nge in der lebhaften Stadt Oulu, Ausfl\u00fcge in die charmanten l\u00e4ndlichen Gebiete s\u00fcdlich von Oulu (Liminka, Kempele, Tyrn\u00e4v\u00e4) und unvergessliche Erlebnisse auf [&hellip;]<\/p>\n","protected":false},"author":1,"featured_media":3002,"parent":0,"menu_order":200,"comment_status":"closed","ping_status":"closed","template":"","meta":{"_coblocks_attr":"","_coblocks_dimensions":"","_coblocks_responsive_height":"","_coblocks_accordion_ie_support":"","footnotes":""},"class_list":["post-1844","page","type-page","status-publish","has-post-thumbnail","hentry"],"translation":{"provider":"WPGlobus","version":"3.0.2","language":"de","enabled_languages":["fi","en","de"],"languages":{"fi":{"title":true,"content":true,"excerpt":false},"en":{"title":true,"content":true,"excerpt":false},"de":{"title":true,"content":true,"excerpt":false}}},"_links":{"self":[{"href":"https:\/\/www.windland.fi\/de\/wp-json\/wp\/v2\/pages\/1844","targetHints":{"allow":["GET"]}}],"collection":[{"href":"https:\/\/www.windland.fi\/de\/wp-json\/wp\/v2\/pages"}],"about":[{"href":"https:\/\/www.windland.fi\/de\/wp-json\/wp\/v2\/types\/page"}],"author":[{"embeddable":true,"href":"https:\/\/www.windland.fi\/de\/wp-json\/wp\/v2\/users\/1"}],"replies":[{"embeddable":true,"href":"https:\/\/www.windland.fi\/de\/wp-json\/wp\/v2\/comments?post=1844"}],"version-history":[{"count":0,"href":"https:\/\/www.windland.fi\/de\/wp-json\/wp\/v2\/pages\/1844\/revisions"}],"wp:featuredmedia":[{"embeddable":true,"href":"https:\/\/www.windland.fi\/de\/wp-json\/wp\/v2\/media\/3002"}],"wp:attachment":[{"href":"https:\/\/www.windland.fi\/de\/wp-json\/wp\/v2\/media?parent=1844"}],"curies":[{"name":"wp","href":"https:\/\/api.w.org\/{rel}","templated":true}]}}