{"id":1852,"date":"2022-10-03T09:47:07","date_gmt":"2022-10-03T07:47:07","guid":{"rendered":"https:\/\/www.windland.fi\/?page_id=1852"},"modified":"2024-10-27T20:43:51","modified_gmt":"2024-10-27T18:43:51","slug":"tyrnava","status":"publish","type":"page","link":"https:\/\/www.windland.fi\/de\/opaspalvelut\/tyrnava\/","title":{"rendered":"Tyrn\u00e4v\u00e4"},"content":{"rendered":"\n<p>Willkommen in Tyrn\u00e4v\u00e4, der Kartoffelkammer Finnlands! <\/p>\n\n\n\n<p>Aber nicht nur Kartoffeln erwarten Sie! Sie k\u00f6nnen auch erfahren, wie man in Tyrn\u00e4v\u00e4 aus Alt Neu macht, eine M\u00fchlenb\u00fccherei erleben, sich mit dem ber\u00fchmten Seher der Gemeinde bekannt machen &#8211; und nat\u00fcrlich h\u00f6ren Sie viele Geschichten und Geschichtchen aus dem alten, l\u00e4ndlichen Finnland! <\/p>\n\n\n\n<p>Gef\u00fchrte Touren:<\/p>\n\n\n\n<ul class=\"wp-block-list\">\n<li><a href=\"http:\/\/windland.fi\/de\/meijerikadulla-ja-myllykirjastossa\" data-type=\"URL\" data-id=\"windland.fi\/de\/meijerikadulla-ja-myllykirjastossa\">Auf der Molkereistrasse und in der M\u00fchlenb\u00fccherei<\/a><\/li>\n\n\n\n<li><a href=\"http:\/\/windland.fi\/de\/tyrnavan-raitti\" data-type=\"URL\" data-id=\"windland.fi\/de\/tyrnavan-raitti\">Tyrn\u00e4v\u00e4 fr\u00fcher und heute<\/a><\/li>\n\n\n\n<li>Gef\u00fchrte Tour mit Food Tasting<\/li>\n<\/ul>\n","protected":false},"excerpt":{"rendered":"<p>Willkommen in Tyrn\u00e4v\u00e4, der Kartoffelkammer Finnlands! Aber nicht nur Kartoffeln erwarten Sie! Sie k\u00f6nnen auch erfahren, wie man in Tyrn\u00e4v\u00e4 aus Alt Neu macht, eine M\u00fchlenb\u00fccherei erleben, sich mit dem ber\u00fchmten Seher der Gemeinde bekannt machen &#8211; und nat\u00fcrlich h\u00f6ren Sie viele Geschichten und Geschichtchen aus dem alten, l\u00e4ndlichen Finnland! [&hellip;]<\/p>\n","protected":false},"author":1,"featured_media":0,"parent":1844,"menu_order":0,"comment_status":"closed","ping_status":"closed","template":"","meta":{"_coblocks_attr":"","_coblocks_dimensions":"","_coblocks_responsive_height":"","_coblocks_accordion_ie_support":"","footnotes":""},"class_list":["post-1852","page","type-page","status-publish","hentry"],"translation":{"provider":"WPGlobus","version":"3.0.2","language":"de","enabled_languages":["fi","en","de"],"languages":{"fi":{"title":true,"content":true,"excerpt":false},"en":{"title":true,"content":true,"excerpt":false},"de":{"title":true,"content":true,"excerpt":false}}},"_links":{"self":[{"href":"https:\/\/www.windland.fi\/de\/wp-json\/wp\/v2\/pages\/1852","targetHints":{"allow":["GET"]}}],"collection":[{"href":"https:\/\/www.windland.fi\/de\/wp-json\/wp\/v2\/pages"}],"about":[{"href":"https:\/\/www.windland.fi\/de\/wp-json\/wp\/v2\/types\/page"}],"author":[{"embeddable":true,"href":"https:\/\/www.windland.fi\/de\/wp-json\/wp\/v2\/users\/1"}],"replies":[{"embeddable":true,"href":"https:\/\/www.windland.fi\/de\/wp-json\/wp\/v2\/comments?post=1852"}],"version-history":[{"count":0,"href":"https:\/\/www.windland.fi\/de\/wp-json\/wp\/v2\/pages\/1852\/revisions"}],"up":[{"embeddable":true,"href":"https:\/\/www.windland.fi\/de\/wp-json\/wp\/v2\/pages\/1844"}],"wp:attachment":[{"href":"https:\/\/www.windland.fi\/de\/wp-json\/wp\/v2\/media?parent=1852"}],"curies":[{"name":"wp","href":"https:\/\/api.w.org\/{rel}","templated":true}]}}