{"id":19,"date":"2019-05-15T12:56:18","date_gmt":"2019-05-15T11:56:18","guid":{"rendered":"http:\/\/www.windland.fi\/?page_id=19"},"modified":"2025-01-27T11:25:06","modified_gmt":"2025-01-27T09:25:06","slug":"hailuoto-hike","status":"publish","type":"page","link":"https:\/\/www.windland.fi\/de\/hailuoto-hike\/","title":{"rendered":"Tagesausflug von Oulu nach Hailuoto"},"content":{"rendered":"\n<h2 class=\"wp-block-heading\">Begleiten Sie uns auf einer Wanderung auf den Spuren der letzten Eiszeit und tauchen Sie ein in die Geschichte der Insel!<\/h2>\n\n\n\n<p>Ihr privater Guide holt Sie komfortabel in Ihrer Unterkunft in Oulu ab und bringt Sie zum F\u00e4hrhafen. W\u00e4hrend der Fahrt erhalten Sie spannende Einblicke in die Region und das Leben im hohen Norden. Die ca. 25-min\u00fctige F\u00e4hr\u00fcberfahrt nach Hailuoto ist ideal f\u00fcr erste Fotomotive und bietet die ersten Eindr\u00fccke von der einzigartigen K\u00fcstenlandschaft.<\/p>\n\n\n\n<p>Auf der Insel angekommen, starten wir nach einem kurzen Transfer unsere Wanderung auf den Spuren der Eiszeit. Entlang des Grats Hyyp\u00e4nm\u00e4ki \u2013 der h\u00f6chsten und \u00e4ltesten Erhebung Hailuotos \u2013 erwartet Sie eine ca. 5 km lange Tour durch urige Kiefernw\u00e4lder, deren Boden von wundersch\u00f6nen Flechten bedeckt ist. Zusammen mit Ihrem Guide erkunden Sie die Geologie und Natur der Region und erfahren Interessantes auch \u00fcber die dunklen Seiten der Geschichte Hailuotos.<\/p>\n\n\n\n<p>Nach der Wanderung fahren wir weiter zum westlichen Ende der Insel, nach Marjaniemi. Hier tauchen Sie ein in die maritime Geschichte der Insel auf einem Spaziergang durch die Lotsenstation, zum Leuchtturm und durch das idyllische Fischerdorf. Anschlie\u00dfend besteht die M\u00f6glichkeit zu einem Bummel am sch\u00f6nen Sandstrand, einem erfrischenden Bad in der Ostsee oder einem Besuch eines Restaurants oder.<\/p>\n\n\n\n<p>Nach diesem erlebnisreichen Tag bringen wir Sie entspannt zu Ihrer Unterkunft in Oulu zur\u00fcck.<\/p>\n\n\n\n<p>Bitte beachten Sie: <em>Der Restaurant- und Caf\u00e9- Besuch ist abh\u00e4ngig von den \u00d6ffnungszeiten der Anbieter.  <\/em><\/p>\n\n\n\n<p><strong>Dauer<\/strong>: 6-7 Std. (abh\u00e4ngig vom F\u00e4hrfahrplan)<\/p>\n\n\n\n<p><strong>Distanz<\/strong>: ca. 5 km Wanderung<\/p>\n\n\n\n<p><strong>Teilnehmer:<\/strong> 1-4 Pers.<\/p>\n\n\n\n<p><strong>Preis:<\/strong> 569\u20ac<\/p>\n\n\n\n<p><strong>Leistung<\/strong>: Privater, autorisierter Guide, Transfer zu \/ von \/ auf Hailuoto, gef\u00fchrte Wanderung und Rundgang in Marjaniemi, MwSt.<\/p>\n\n\n\n<p><strong>Startpunkt<\/strong>: Nach Vereinbarung<\/p>\n\n\n\n<p><strong>Zeitraum:<\/strong> Mai \u2013 Oktober (wetterabh\u00e4ngig)<\/p>\n\n\n\n<p><strong>Art der Wanderung:<\/strong> Leichte bis mittelschwere Wanderung auf Waldwegen, nicht barrierefrei.<\/p>\n\n\n\n<p><strong>Ausr\u00fcstung<\/strong>: Dem Wetter entsprechende Outdoorbekleidung und -schuhe, Rucksack, Trinkflasche<\/p>\n\n\n\n<p><strong>Sprachen<\/strong>: Deutsch, Englisch, Finnisch<\/p>\n\n\n\n<p><\/p>\n","protected":false},"excerpt":{"rendered":"<p>Begleiten Sie uns auf einer Wanderung auf den Spuren der letzten Eiszeit und tauchen Sie ein in die Geschichte der Insel! Ihr privater Guide holt Sie komfortabel in Ihrer Unterkunft in Oulu ab und bringt Sie zum F\u00e4hrhafen. W\u00e4hrend der Fahrt erhalten Sie spannende Einblicke in die Region und das [&hellip;]<\/p>\n","protected":false},"author":1,"featured_media":2984,"parent":0,"menu_order":0,"comment_status":"closed","ping_status":"closed","template":"","meta":{"_coblocks_attr":"","_coblocks_dimensions":"","_coblocks_responsive_height":"","_coblocks_accordion_ie_support":"","footnotes":""},"class_list":["post-19","page","type-page","status-publish","has-post-thumbnail","hentry"],"translation":{"provider":"WPGlobus","version":"3.0.2","language":"de","enabled_languages":["fi","en","de"],"languages":{"fi":{"title":true,"content":true,"excerpt":false},"en":{"title":true,"content":true,"excerpt":false},"de":{"title":true,"content":true,"excerpt":false}}},"_links":{"self":[{"href":"https:\/\/www.windland.fi\/de\/wp-json\/wp\/v2\/pages\/19","targetHints":{"allow":["GET"]}}],"collection":[{"href":"https:\/\/www.windland.fi\/de\/wp-json\/wp\/v2\/pages"}],"about":[{"href":"https:\/\/www.windland.fi\/de\/wp-json\/wp\/v2\/types\/page"}],"author":[{"embeddable":true,"href":"https:\/\/www.windland.fi\/de\/wp-json\/wp\/v2\/users\/1"}],"replies":[{"embeddable":true,"href":"https:\/\/www.windland.fi\/de\/wp-json\/wp\/v2\/comments?post=19"}],"version-history":[{"count":0,"href":"https:\/\/www.windland.fi\/de\/wp-json\/wp\/v2\/pages\/19\/revisions"}],"wp:featuredmedia":[{"embeddable":true,"href":"https:\/\/www.windland.fi\/de\/wp-json\/wp\/v2\/media\/2984"}],"wp:attachment":[{"href":"https:\/\/www.windland.fi\/de\/wp-json\/wp\/v2\/media?parent=19"}],"curies":[{"name":"wp","href":"https:\/\/api.w.org\/{rel}","templated":true}]}}