{"id":1924,"date":"2022-09-29T11:56:40","date_gmt":"2022-09-29T09:56:40","guid":{"rendered":"https:\/\/www.windland.fi\/?page_id=1924"},"modified":"2025-04-16T10:39:12","modified_gmt":"2025-04-16T08:39:12","slug":"talonpoikia-taitelijoita-ja-tasankoja","status":"publish","type":"page","link":"https:\/\/www.windland.fi\/de\/opaspalvelut\/liminka\/talonpoikia-taitelijoita-ja-tasankoja\/","title":{"rendered":"Bauern, K\u00fcnstler, Zugv\u00f6gel \u2013 eine unvergessliche Radtour durch Geschichte und Natur in Liminka"},"content":{"rendered":"\n<h4 class=\"wp-block-heading\">Erleben Sie die faszinierende Vielfalt der \u00fcber 540 Jahre alten Gemeinde Liminka \u2013 aktiv und hautnah mit dem Fahrrad!<\/h4>\n\n\n\n<p>Begleitet von einem zertifizierten lokalen Guide entdecken Sie auf dieser abwechslungsreichen, 4-st\u00fcndigen Radtour die sch\u00f6nsten Seiten Liminkas. <\/p>\n\n\n\n<p>Vom modernen Ortszentrum aus geht es vorbei an der Kirche und entlang des malerischen Flusses Liminganjoki direkt ins historische Herz der Gemeinde. Unterwegs erz\u00e4hlt Ihnen ihr Guide \u00fcber die gut erhaltenen Bauernh\u00f6fe, das imposante Pfarrhaus und die authentischen Museen, die die Geschichte Liminkas auf eindrucksvolle Weise lebendig werden lassen.<\/p>\n\n\n\n<p>Danach f\u00fchrt der Weg \u00fcber Schotterstra\u00dfen weiter durch die lichten Kiefernw\u00e4lder der Gemeinde zum renommierten Naturzentrum Liminganlahti. Dort erwartet Sie eine faszinierende Ausstellung rund um das Leben der Zugv\u00f6gel und ein Vogelbeobachtungsturm mit Blick \u00fcber die unber\u00fchrte Bucht.<\/p>\n\n\n\n<p>Eine kleine St\u00e4rkung gef\u00e4llig? Ihr Guide h\u00e4lt einen kleinen Snack bereit. Dar\u00fcber hinaus l\u00e4dt im Naturzentrum ein Caf\u00e9 zum Verweilen ein (je nach \u00d6ffnungszeiten, auf eigene Kosten).<\/p>\n\n\n\n<p>Zur\u00fcck geht es entspannt auf leichten, asphaltierten Radwegen \u2013 mit sch\u00f6ner Aussicht und vielen Eindr\u00fccken im Gep\u00e4ck.<\/p>\n\n\n\n<p><strong>Lust auf mehr?<\/strong> Erweitern Sie Ihre Tour durch einen Abstecher ins idyllische Arboretum oder genie\u00dfen Sie ein erfrischendes Bad im nahegelegenen Natursee.<\/p>\n\n\n\n<p><strong>Bitte beachten Sie, dass der Anbieter keine Fahrr\u00e4der zur Verf\u00fcgung stellt.<\/strong><\/p>\n\n\n\n<p><strong>Dauer<\/strong>: ca. 4 h<\/p>\n\n\n\n<p><strong>Teilnehmer:<\/strong>\u00a04-12 Personen<\/p>\n\n\n\n<p><strong>Preis:<\/strong> 125 \u20ac \/ Pers. (beinhaltet Guide, Snack, MwSt.)<\/p>\n\n\n\n<p><strong>Startpunkt:<\/strong>&nbsp;Liminganraitti 10, Liminka (Lakeustalo)<\/p>\n\n\n\n<p><strong>Zeitraum:<\/strong>&nbsp;Mai &#8211; September (wetterabh\u00e4ngig)<\/p>\n\n\n\n<p><strong>Ausr\u00fcstung:<\/strong>&nbsp;Fahrrad, wettergem\u00e4sse Outdoor-Bekleidung, Trinkflasche<\/p>\n\n\n\n<p><strong>Sprachen:<\/strong>&nbsp;Deutsch, Finnisch, Englisch<\/p>\n","protected":false},"excerpt":{"rendered":"<p>Erleben Sie die faszinierende Vielfalt der \u00fcber 540 Jahre alten Gemeinde Liminka \u2013 aktiv und hautnah mit dem Fahrrad! Begleitet von einem zertifizierten lokalen Guide entdecken Sie auf dieser abwechslungsreichen, 4-st\u00fcndigen Radtour die sch\u00f6nsten Seiten Liminkas. Vom modernen Ortszentrum aus geht es vorbei an der Kirche und entlang des malerischen [&hellip;]<\/p>\n","protected":false},"author":1,"featured_media":668,"parent":1848,"menu_order":2,"comment_status":"closed","ping_status":"closed","template":"","meta":{"_coblocks_attr":"","_coblocks_dimensions":"","_coblocks_responsive_height":"","_coblocks_accordion_ie_support":"","footnotes":""},"class_list":["post-1924","page","type-page","status-publish","has-post-thumbnail","hentry"],"translation":{"provider":"WPGlobus","version":"3.0.2","language":"de","enabled_languages":["fi","en","de"],"languages":{"fi":{"title":true,"content":true,"excerpt":false},"en":{"title":true,"content":true,"excerpt":false},"de":{"title":true,"content":true,"excerpt":false}}},"_links":{"self":[{"href":"https:\/\/www.windland.fi\/de\/wp-json\/wp\/v2\/pages\/1924","targetHints":{"allow":["GET"]}}],"collection":[{"href":"https:\/\/www.windland.fi\/de\/wp-json\/wp\/v2\/pages"}],"about":[{"href":"https:\/\/www.windland.fi\/de\/wp-json\/wp\/v2\/types\/page"}],"author":[{"embeddable":true,"href":"https:\/\/www.windland.fi\/de\/wp-json\/wp\/v2\/users\/1"}],"replies":[{"embeddable":true,"href":"https:\/\/www.windland.fi\/de\/wp-json\/wp\/v2\/comments?post=1924"}],"version-history":[{"count":0,"href":"https:\/\/www.windland.fi\/de\/wp-json\/wp\/v2\/pages\/1924\/revisions"}],"up":[{"embeddable":true,"href":"https:\/\/www.windland.fi\/de\/wp-json\/wp\/v2\/pages\/1848"}],"wp:featuredmedia":[{"embeddable":true,"href":"https:\/\/www.windland.fi\/de\/wp-json\/wp\/v2\/media\/668"}],"wp:attachment":[{"href":"https:\/\/www.windland.fi\/de\/wp-json\/wp\/v2\/media?parent=1924"}],"curies":[{"name":"wp","href":"https:\/\/api.w.org\/{rel}","templated":true}]}}