{"id":1951,"date":"2022-10-03T09:56:44","date_gmt":"2022-10-03T07:56:44","guid":{"rendered":"https:\/\/www.windland.fi\/?page_id=1951"},"modified":"2024-10-25T11:57:48","modified_gmt":"2024-10-25T09:57:48","slug":"meijerikadulla-ja-myllykirjastossa","status":"publish","type":"page","link":"https:\/\/www.windland.fi\/de\/opaspalvelut\/tyrnava\/meijerikadulla-ja-myllykirjastossa\/","title":{"rendered":"Wie aus einer Molkerei eine B\u00fccherei wurde"},"content":{"rendered":"\n<p>Auf dieser Tour erleben Sie die erstaunliche Transformation eines einmaligen Industriegel\u00e4ndes aus dem fr\u00fchen 20. Jahrhundert: Die Verwandlung der Genossenschaftsmolkerei von Tyrn\u00e4v\u00e4 u.a. in eine B\u00fccherei und ein Gymnasium gilt als gelungenes Vorzeigemodell f\u00fcr die Nutzbarmachung industriellen Erbes.<\/p>\n\n\n\n<p>Dar\u00fcber hinaus machen Sie sich bekannt mit der landwirtschaftlichen Entwicklung der Region und dem lebhaften Alltag auf der Molkereistrasse im Herzen Tyrn\u00e4v\u00e4s. Sie werden sehen: Auch in Finnland wird geklatscht und getratscht!<\/p>\n\n\n\n<p><strong>Dauer:<\/strong>&nbsp;ca. 1,5 Std.<\/p>\n\n\n\n<p><strong>Teilnehmer:<\/strong>&nbsp;min. 2 Pers.<\/p>\n\n\n\n<p><strong>Startpunkt:<\/strong>&nbsp;Parkplatz der ehem. Molkerei, Tyrn\u00e4v\u00e4, Meijerikatu 3<\/p>\n\n\n\n<p><strong>Zeitraum:<\/strong>&nbsp;ganzj\u00e4hrig buchbar <\/p>\n\n\n\n<p><strong>Sprachen:<\/strong>\u00a0Deutsch, Finnisch, Englisch<\/p>\n","protected":false},"excerpt":{"rendered":"<p>Auf dieser Tour erleben Sie die erstaunliche Transformation eines einmaligen Industriegel\u00e4ndes aus dem fr\u00fchen 20. Jahrhundert: Die Verwandlung der Genossenschaftsmolkerei von Tyrn\u00e4v\u00e4 u.a. in eine B\u00fccherei und ein Gymnasium gilt als gelungenes Vorzeigemodell f\u00fcr die Nutzbarmachung industriellen Erbes. Dar\u00fcber hinaus machen Sie sich bekannt mit der landwirtschaftlichen Entwicklung der Region [&hellip;]<\/p>\n","protected":false},"author":1,"featured_media":0,"parent":1852,"menu_order":0,"comment_status":"closed","ping_status":"closed","template":"","meta":{"_coblocks_attr":"","_coblocks_dimensions":"","_coblocks_responsive_height":"","_coblocks_accordion_ie_support":"","footnotes":""},"class_list":["post-1951","page","type-page","status-publish","hentry"],"translation":{"provider":"WPGlobus","version":"3.0.2","language":"de","enabled_languages":["fi","en","de"],"languages":{"fi":{"title":true,"content":true,"excerpt":false},"en":{"title":true,"content":true,"excerpt":false},"de":{"title":true,"content":true,"excerpt":false}}},"_links":{"self":[{"href":"https:\/\/www.windland.fi\/de\/wp-json\/wp\/v2\/pages\/1951","targetHints":{"allow":["GET"]}}],"collection":[{"href":"https:\/\/www.windland.fi\/de\/wp-json\/wp\/v2\/pages"}],"about":[{"href":"https:\/\/www.windland.fi\/de\/wp-json\/wp\/v2\/types\/page"}],"author":[{"embeddable":true,"href":"https:\/\/www.windland.fi\/de\/wp-json\/wp\/v2\/users\/1"}],"replies":[{"embeddable":true,"href":"https:\/\/www.windland.fi\/de\/wp-json\/wp\/v2\/comments?post=1951"}],"version-history":[{"count":0,"href":"https:\/\/www.windland.fi\/de\/wp-json\/wp\/v2\/pages\/1951\/revisions"}],"up":[{"embeddable":true,"href":"https:\/\/www.windland.fi\/de\/wp-json\/wp\/v2\/pages\/1852"}],"wp:attachment":[{"href":"https:\/\/www.windland.fi\/de\/wp-json\/wp\/v2\/media?parent=1951"}],"curies":[{"name":"wp","href":"https:\/\/api.w.org\/{rel}","templated":true}]}}