{"id":1954,"date":"2022-10-03T10:00:25","date_gmt":"2022-10-03T08:00:25","guid":{"rendered":"https:\/\/www.windland.fi\/?page_id=1954"},"modified":"2024-10-27T20:08:58","modified_gmt":"2024-10-27T18:08:58","slug":"tyrnavan-raitti","status":"publish","type":"page","link":"https:\/\/www.windland.fi\/de\/opaspalvelut\/tyrnava\/tyrnavan-raitti\/","title":{"rendered":"Tyrn\u00e4v\u00e4 fr\u00fcher und heute"},"content":{"rendered":"\n<p>Auf der Tour machen Sie sich bekannt mit der Geschichte und dem kulturellen Leben Tyrn\u00e4v\u00e4s. Seher, Geister, Priester, K\u00e4semeister und kulturelle Pers\u00f6nlichkeiten werden in lokalen Erz\u00e4hlungen lebendig.<\/p>\n\n\n\n<p> Auf dem Weg von der Kirche zur ehemaligen Molkerei lernen Sie auch die heutige Lebensweise kennen, die dank der Kartoffel nach wie vor fest mit dem Landleben verbunden ist \u2013 aber auch mit dem Rest der Welt. <\/p>\n\n\n\n<p><strong>Dauer:<\/strong>&nbsp;ca. 1,5 Std.<\/p>\n\n\n\n<p><strong>Teilnehmer:<\/strong>&nbsp;min. 2 Pers.<\/p>\n\n\n\n<p><strong>Startpunkt:<\/strong>&nbsp;Kirche von Tyrn\u00e4v\u00e4, Tyrn\u00e4v\u00e4, Kirkkotie 3<\/p>\n\n\n\n<p><strong>Zeitraum:<\/strong>&nbsp;ganzj\u00e4hrig buchbar<\/p>\n\n\n\n<p><strong>Sprachen:<\/strong>&nbsp;Deutsch, Finnisch, Englisch, Franz\u00f6sisch, Italienisch<\/p>\n","protected":false},"excerpt":{"rendered":"<p>Auf der Tour machen Sie sich bekannt mit der Geschichte und dem kulturellen Leben Tyrn\u00e4v\u00e4s. Seher, Geister, Priester, K\u00e4semeister und kulturelle Pers\u00f6nlichkeiten werden in lokalen Erz\u00e4hlungen lebendig. Auf dem Weg von der Kirche zur ehemaligen Molkerei lernen Sie auch die heutige Lebensweise kennen, die dank der Kartoffel nach wie vor [&hellip;]<\/p>\n","protected":false},"author":1,"featured_media":0,"parent":1852,"menu_order":1,"comment_status":"closed","ping_status":"closed","template":"","meta":{"_coblocks_attr":"","_coblocks_dimensions":"","_coblocks_responsive_height":"","_coblocks_accordion_ie_support":"","footnotes":""},"class_list":["post-1954","page","type-page","status-publish","hentry"],"translation":{"provider":"WPGlobus","version":"3.0.2","language":"de","enabled_languages":["fi","en","de"],"languages":{"fi":{"title":true,"content":true,"excerpt":false},"en":{"title":true,"content":true,"excerpt":false},"de":{"title":true,"content":true,"excerpt":false}}},"_links":{"self":[{"href":"https:\/\/www.windland.fi\/de\/wp-json\/wp\/v2\/pages\/1954","targetHints":{"allow":["GET"]}}],"collection":[{"href":"https:\/\/www.windland.fi\/de\/wp-json\/wp\/v2\/pages"}],"about":[{"href":"https:\/\/www.windland.fi\/de\/wp-json\/wp\/v2\/types\/page"}],"author":[{"embeddable":true,"href":"https:\/\/www.windland.fi\/de\/wp-json\/wp\/v2\/users\/1"}],"replies":[{"embeddable":true,"href":"https:\/\/www.windland.fi\/de\/wp-json\/wp\/v2\/comments?post=1954"}],"version-history":[{"count":0,"href":"https:\/\/www.windland.fi\/de\/wp-json\/wp\/v2\/pages\/1954\/revisions"}],"up":[{"embeddable":true,"href":"https:\/\/www.windland.fi\/de\/wp-json\/wp\/v2\/pages\/1852"}],"wp:attachment":[{"href":"https:\/\/www.windland.fi\/de\/wp-json\/wp\/v2\/media?parent=1954"}],"curies":[{"name":"wp","href":"https:\/\/api.w.org\/{rel}","templated":true}]}}