{"id":21,"date":"2019-05-15T12:59:01","date_gmt":"2019-05-15T10:59:01","guid":{"rendered":"http:\/\/www.windland.fi\/?page_id=21"},"modified":"2024-10-27T20:53:28","modified_gmt":"2024-10-27T18:53:28","slug":"ohjelmapalvelut","status":"publish","type":"page","link":"https:\/\/www.windland.fi\/de\/ohjelmapalvelut\/","title":{"rendered":"Programme &#038; Aktivit\u00e4ten"},"content":{"rendered":"\n<h5 class=\"wp-block-heading\">Wandern, Entspannung, Familienspass und Geschichte in der Natur der Region Oulu<\/h5>\n\n\n\n<p>Suchen Sie nach M\u00f6glichkeiten dem Alltag zu entkommen und sich in der Natur rund um Oulu und Umgebung zu entspannen? Auf der <a href=\"https:\/\/www.windland.fi\/de\/kevyt-hyvinvointikavely\/\">leichten Entspannungstour<\/a> oder der <a href=\"https:\/\/www.windland.fi\/de\/liikunnallinen-hyvinvointikavely\/\">sportlicheren Erholungstour<\/a> haben Sie Gelegenheit dazu!<\/p>\n\n\n\n<p>Ben\u00f6tigen Sie Tipps und Anleitungen f\u00fcr das Wandern in Finnland? Die Tour <a href=\"https:\/\/www.windland.fi\/de\/tunteiden-aarrejahti\/\">Wandern auf Finnisch<\/a> bietet eine Einf\u00fcrhung in die finnische Wanderkultur und -praxis f\u00fcr Familien und Einsteiger.<\/p>\n\n\n\n<p>Das Programm <a href=\"https:\/\/www.windland.fi\/de\/metsaekerhot\/\">Schatzsuche f\u00fcr die ganze Familie<\/a> f\u00fchrt Sie zu einigen der sch\u00f6nsten Stellen des Naherholungsgebiets von Rantakyl\u00e4 (Liminka) und sorgt f\u00fcr Spannung, Sinneseindr\u00fccke und Bewegung.<\/p>\n\n\n\n<p>Interessieren Sie sich f\u00fcr die Geschichte Finnlands? Auf der <a href=\"https:\/\/www.windland.fi\/de\/opastettu-kierros-vanhassa-limingassa\/\">F\u00fchrung<\/a> durch die \u00fcber 500-j\u00e4hrige Geschichte der Gemeinde Liminka wird sie lebendig!<\/p>\n\n\n\n<p>In Liminka sollten Sie auf keinen Fall ein Besuch des botanischen Gartens von Alakestil\u00e4 vers\u00e4umen! Die <a href=\"https:\/\/www.windland.fi\/de\/opastettu-kierros-alakestilan-arboretumissa\/\">gef\u00fchrte Tour<\/a> durch den Park macht Sie bekannt mit dessen Geschichte und &#8222;Bewohnern&#8220;.<\/p>\n\n\n\n<p>Begegnen Sie der Dunkelheit des Winters auf neue Art mit unserem Winterprogramm <a href=\"https:\/\/www.windland.fi\/de\/ala-pelkaa-pimeaa\/\">Keine Angst vor der Dunkelheit<\/a>!<\/p>\n\n\n\n<p>Ausgangspunkt der Programme ist dabei die positive Wirkung der Natur auf unser Wohlbefinden und unsere Gesundheit. Alle unsere Programme werden nach den Prinzipien des nachhaltigen Handelns verwirklicht!   <\/p>\n\n\n\n<p>Machen Sie sich bekannt mit unseren Angeboten und treten Sie mit uns in Verbindung!  <\/p>\n\n\n\n<blockquote class=\"wp-block-quote is-layout-flow wp-block-quote-is-layout-flow\">\n<p><strong>Zwischen zwei alten Kiefern gibt es immer eine Pforte zu einer neuen Lebensweise.<\/strong><\/p>\n<cite>John Muir<\/cite><\/blockquote>\n","protected":false},"excerpt":{"rendered":"<p>Wandern, Entspannung, Familienspass und Geschichte in der Natur der Region Oulu Suchen Sie nach M\u00f6glichkeiten dem Alltag zu entkommen und sich in der Natur rund um Oulu und Umgebung zu entspannen? Auf der leichten Entspannungstour oder der sportlicheren Erholungstour haben Sie Gelegenheit dazu! Ben\u00f6tigen Sie Tipps und Anleitungen f\u00fcr das [&hellip;]<\/p>\n","protected":false},"author":1,"featured_media":0,"parent":0,"menu_order":100,"comment_status":"closed","ping_status":"closed","template":"","meta":{"_coblocks_attr":"","_coblocks_dimensions":"","_coblocks_responsive_height":"","_coblocks_accordion_ie_support":"","footnotes":""},"class_list":["post-21","page","type-page","status-publish","hentry"],"translation":{"provider":"WPGlobus","version":"3.0.2","language":"de","enabled_languages":["fi","en","de"],"languages":{"fi":{"title":true,"content":true,"excerpt":false},"en":{"title":true,"content":true,"excerpt":false},"de":{"title":true,"content":true,"excerpt":false}}},"_links":{"self":[{"href":"https:\/\/www.windland.fi\/de\/wp-json\/wp\/v2\/pages\/21","targetHints":{"allow":["GET"]}}],"collection":[{"href":"https:\/\/www.windland.fi\/de\/wp-json\/wp\/v2\/pages"}],"about":[{"href":"https:\/\/www.windland.fi\/de\/wp-json\/wp\/v2\/types\/page"}],"author":[{"embeddable":true,"href":"https:\/\/www.windland.fi\/de\/wp-json\/wp\/v2\/users\/1"}],"replies":[{"embeddable":true,"href":"https:\/\/www.windland.fi\/de\/wp-json\/wp\/v2\/comments?post=21"}],"version-history":[{"count":0,"href":"https:\/\/www.windland.fi\/de\/wp-json\/wp\/v2\/pages\/21\/revisions"}],"wp:attachment":[{"href":"https:\/\/www.windland.fi\/de\/wp-json\/wp\/v2\/media?parent=21"}],"curies":[{"name":"wp","href":"https:\/\/api.w.org\/{rel}","templated":true}]}}