{"id":25,"date":"2019-05-15T13:00:20","date_gmt":"2019-05-15T11:00:20","guid":{"rendered":"http:\/\/www.windland.fi\/?page_id=25"},"modified":"2026-01-12T14:21:58","modified_gmt":"2026-01-12T12:21:58","slug":"sanginjoki","status":"publish","type":"page","link":"https:\/\/www.windland.fi\/de\/ohjelmapalvelut\/sanginjoki\/","title":{"rendered":"Ausflug ins Naturschutzgebiet Sanginjoki in Oulu"},"content":{"rendered":"\n<h2 class=\"wp-block-heading\">Wandern wie ein Finne &#8211; wie geht das?<\/h2>\n\n\n\n<p>Begleiten Sie uns auf eine typisch finnische Wanderung, bei der Sie die Natur auf authentische Weise erleben und verstehen, warum sie f\u00fcr die Finnen so bedeutsam ist!<\/p>\n\n\n\n<p>Ihr pers\u00f6nlicher Guide holt Sie direkt von Ihrer Unterkunft in Oulu ab, und gemeinsam machen wir uns auf den Weg in das Naherholungs- und Naturschutzgebiet Sanginjoki. W\u00e4hrend der 25-min\u00fctigen Fahrt tauchen Sie ein in interessante Geschichten und Anekdoten \u00fcber die Vergangenheit und das Leben im finnischen Norden.<\/p>\n\n\n\n<p>Im Sanginjoki-Gebiet erwartet Sie eine etwa 5 km lange, leichte Wanderung, auf der Sie die lokale Natur entdecken. Dar\u00fcber hinaus erfahren Sie viel Wissenswertes \u00fcber die ber\u00fchmten \u201eJedermannsrechte\u201c und Wandertraditionen in Finnland.<\/p>\n\n\n\n<p>W\u00e4hrend der Tour \u00fcben wir F\u00e4higkeiten, die man zum \u00dcberleben in der finnischen Wildnis braucht, wie etwa das Umgehen mit einem Kompass oder das Feuermachen mit einem Feuerstahl.<\/p>\n\n\n\n<p>Nat\u00fcrlich darf ein St\u00fcck echte finnische Kultur nicht fehlen: Braten Sie sich eine traditionelle Grillwurst \u00fcber dem offenen Feuer \u2013 ganz wie es die Finnen seit Generationen tun!<\/p>\n\n\n\n<p>Auf der gem\u00fctlichen R\u00fcckfahrt zu Ihrer Unterkunft k\u00f6nnen Sie sich erholen, das Erlebte Revue passieren lassen und letzte Fragen an Ihren Guide stellen.<\/p>\n\n\n\n<p>Gerne gestalten wir die Wanderung auch nach Ihren eigenen W\u00fcnschen. F\u00fcr mehr Informationen kontaktieren Sie uns unter <a href=\"mailto:christiane@windland.fi\">christiane@windland.fi<\/a><\/p>\n\n\n\n<p><strong>Dauer:<\/strong> ca. 4 Std.<\/p>\n\n\n\n<p><strong>Distanz<\/strong>: 5 km<\/p>\n\n\n\n<p><strong>Art der Wanderung:<\/strong> Leichte Wanderung, nicht barrierefrei.<\/p>\n\n\n\n<p><strong>Teilnehmer:<\/strong> Max. 4 Personen<\/p>\n\n\n\n<p><strong>Preis:<\/strong> 395 \u20ac \/ Gruppe (1 \u2013 4 Pers.)<\/p>\n\n\n\n<p><strong>Leistungen:<\/strong> Privater Guide, Transfer, Grillwurst, MwSt.<\/p>\n\n\n\n<p>Alternative Gerichte und damit verbundene, m\u00f6gliche Preis\u00e4nderungen nach Vereinbarung.<\/p>\n\n\n\n<p><strong>Zeitraum:<\/strong> Mai &#8211; Oktober (wetterabh\u00e4ngig)<\/p>\n\n\n\n<p><strong>Ausr\u00fcstung:<\/strong> Dem Wetter entsprechende Outdoorbekleidung und -schuhe, Rucksack, Trinkflasche<\/p>\n\n\n\n<p><strong>Sprachen:<\/strong> Deutsch, Englisch, Finnisch<\/p>\n","protected":false},"excerpt":{"rendered":"<p>Wandern wie ein Finne &#8211; wie geht das? Begleiten Sie uns auf eine typisch finnische Wanderung, bei der Sie die Natur auf authentische Weise erleben und verstehen, warum sie f\u00fcr die Finnen so bedeutsam ist! Ihr pers\u00f6nlicher Guide holt Sie direkt von Ihrer Unterkunft in Oulu ab, und gemeinsam machen [&hellip;]<\/p>\n","protected":false},"author":1,"featured_media":344,"parent":21,"menu_order":1,"comment_status":"closed","ping_status":"closed","template":"","meta":{"_coblocks_attr":"","_coblocks_dimensions":"","_coblocks_responsive_height":"","_coblocks_accordion_ie_support":"","footnotes":""},"class_list":["post-25","page","type-page","status-publish","has-post-thumbnail","hentry"],"translation":{"provider":"WPGlobus","version":"3.0.2","language":"de","enabled_languages":["fi","en","de"],"languages":{"fi":{"title":true,"content":true,"excerpt":false},"en":{"title":true,"content":true,"excerpt":false},"de":{"title":true,"content":true,"excerpt":false}}},"_links":{"self":[{"href":"https:\/\/www.windland.fi\/de\/wp-json\/wp\/v2\/pages\/25","targetHints":{"allow":["GET"]}}],"collection":[{"href":"https:\/\/www.windland.fi\/de\/wp-json\/wp\/v2\/pages"}],"about":[{"href":"https:\/\/www.windland.fi\/de\/wp-json\/wp\/v2\/types\/page"}],"author":[{"embeddable":true,"href":"https:\/\/www.windland.fi\/de\/wp-json\/wp\/v2\/users\/1"}],"replies":[{"embeddable":true,"href":"https:\/\/www.windland.fi\/de\/wp-json\/wp\/v2\/comments?post=25"}],"version-history":[{"count":0,"href":"https:\/\/www.windland.fi\/de\/wp-json\/wp\/v2\/pages\/25\/revisions"}],"up":[{"embeddable":true,"href":"https:\/\/www.windland.fi\/de\/wp-json\/wp\/v2\/pages\/21"}],"wp:featuredmedia":[{"embeddable":true,"href":"https:\/\/www.windland.fi\/de\/wp-json\/wp\/v2\/media\/344"}],"wp:attachment":[{"href":"https:\/\/www.windland.fi\/de\/wp-json\/wp\/v2\/media?parent=25"}],"curies":[{"name":"wp","href":"https:\/\/api.w.org\/{rel}","templated":true}]}}