{"id":29,"date":"2019-05-15T13:04:59","date_gmt":"2019-05-15T11:04:59","guid":{"rendered":"http:\/\/www.windland.fi\/?page_id=29"},"modified":"2025-06-23T07:16:56","modified_gmt":"2025-06-23T05:16:56","slug":"tarjoilu","status":"publish","type":"page","link":"https:\/\/www.windland.fi\/de\/tarjoilu\/","title":{"rendered":"Essen am Lagerfeuer"},"content":{"rendered":"\n<h4 class=\"wp-block-heading\">Probieren erlaubt! <\/h4>\n\n\n\n<p>Zus\u00e4tzlich zu den Programmen haben Sie die M\u00f6glichkeit, kleine, am Lagerfeuer zubereitete Gerichten zu w\u00e4hlen: <\/p>\n\n\n\n<ul class=\"wp-block-list\">\n<li><a href=\"http:\/\/windland.fi\/de\/perinteinen\">Traditionelle finnische Grillwurst<\/a><\/li>\n\n\n\n<li><a href=\"http:\/\/windland.fi\/de\/mansikkaiset-nuotioletut-luomu\">Pfannkuchen (Bio)<\/a><\/li>\n<\/ul>\n\n\n\n<p>Sie sind herzlich eingeladen, an der Zubereitung der Speisen auf dem offenem Feuer teilzunehmen! <\/p>\n\n\n\n<p>Gerne reichen wir Ihnen au\u03b2erdem den traditionellen finnischen <strong>Lagerfeuerkaffee, Tee oder heissen Saft<\/strong> (3 \u20ac\/Pers.).<\/p>\n\n\n\n<p>Der Endpreis richtet sich nach der Anzahl der Personen sowie nach eventuellen besonderen Ern\u00e4hrungsformen. \u00c4nderungen der Gerichte sowie deren Preise werden im Zusammenhang mit der Vorbestellung vereinbart.  <\/p>\n\n\n\n<p>Das Essen am Lagerfeuer verl\u00e4ngert die Programme um etwa <strong>45 Minuten<\/strong>. <\/p>\n","protected":false},"excerpt":{"rendered":"<p>Probieren erlaubt! Zus\u00e4tzlich zu den Programmen haben Sie die M\u00f6glichkeit, kleine, am Lagerfeuer zubereitete Gerichten zu w\u00e4hlen: Sie sind herzlich eingeladen, an der Zubereitung der Speisen auf dem offenem Feuer teilzunehmen! Gerne reichen wir Ihnen au\u03b2erdem den traditionellen finnischen Lagerfeuerkaffee, Tee oder heissen Saft (3 \u20ac\/Pers.). Der Endpreis richtet sich [&hellip;]<\/p>\n","protected":false},"author":1,"featured_media":332,"parent":0,"menu_order":400,"comment_status":"closed","ping_status":"closed","template":"","meta":{"_coblocks_attr":"","_coblocks_dimensions":"","_coblocks_responsive_height":"","_coblocks_accordion_ie_support":"","footnotes":""},"class_list":["post-29","page","type-page","status-publish","has-post-thumbnail","hentry"],"translation":{"provider":"WPGlobus","version":"3.0.2","language":"de","enabled_languages":["fi","en","de"],"languages":{"fi":{"title":true,"content":true,"excerpt":false},"en":{"title":true,"content":true,"excerpt":false},"de":{"title":true,"content":true,"excerpt":false}}},"_links":{"self":[{"href":"https:\/\/www.windland.fi\/de\/wp-json\/wp\/v2\/pages\/29","targetHints":{"allow":["GET"]}}],"collection":[{"href":"https:\/\/www.windland.fi\/de\/wp-json\/wp\/v2\/pages"}],"about":[{"href":"https:\/\/www.windland.fi\/de\/wp-json\/wp\/v2\/types\/page"}],"author":[{"embeddable":true,"href":"https:\/\/www.windland.fi\/de\/wp-json\/wp\/v2\/users\/1"}],"replies":[{"embeddable":true,"href":"https:\/\/www.windland.fi\/de\/wp-json\/wp\/v2\/comments?post=29"}],"version-history":[{"count":0,"href":"https:\/\/www.windland.fi\/de\/wp-json\/wp\/v2\/pages\/29\/revisions"}],"wp:featuredmedia":[{"embeddable":true,"href":"https:\/\/www.windland.fi\/de\/wp-json\/wp\/v2\/media\/332"}],"wp:attachment":[{"href":"https:\/\/www.windland.fi\/de\/wp-json\/wp\/v2\/media?parent=29"}],"curies":[{"name":"wp","href":"https:\/\/api.w.org\/{rel}","templated":true}]}}