{"id":382,"date":"2019-07-26T14:51:35","date_gmt":"2019-07-26T12:51:35","guid":{"rendered":"https:\/\/www.windland.fi\/?page_id=382"},"modified":"2025-06-27T12:42:11","modified_gmt":"2025-06-27T10:42:11","slug":"opastettu-kierros-vanhassa-limingassa","status":"publish","type":"page","link":"https:\/\/www.windland.fi\/de\/opaspalvelut\/liminka\/opastettu-kierros-vanhassa-limingassa\/","title":{"rendered":"Gef\u00fchrte Tour durch das historische Liminka"},"content":{"rendered":"\n<h4 class=\"wp-block-heading\">Begleiten Sie uns auf einem Spaziergang durch \u00fcber 540 Jahre Geschichte im Alten Liminka!<\/h4>\n\n\n\n<p>Wer ist \u00e4lter &#8211; Oulu oder Liminka? Wie in aller Welt konnten Schafe eine Schule gr\u00fcnden und wer ist der &#8218;Kaiser des Kirchspiels&#8216;?<\/p>\n\n\n\n<p>Die Antworten auf diese Fragen und noch viel mehr erfahren Sie auf der F\u00fchrung durch das alte Liminka. Traditionelle H\u00f6fe, das Pfarrhaus, die &#8218;Steinschule&#8216;, das Museum Aappola und viele andere historische Geb\u00e4ude spiegeln die Vergangenheit des Ortes als Teil der finnischen Geschichte wider. <\/p>\n\n\n\n<p>Berichte und Erz\u00e4hlungen \u00fcber historische Geb\u00e4ude und deren nicht immer ganz gew\u00f6hnliche Bewohner vermitteln einen lebendigen Eindruck vom Leben anno dazumal in Finnland.<\/p>\n\n\n\n<p><strong>Dauer:<\/strong> ca. 1,5 Std.<\/p>\n\n\n\n<p><strong>Teilnehmer:<\/strong> 4 &#8211; 20 Personen<\/p>\n\n\n\n<p><strong>Preis:<\/strong> 45 \u20ac \/ Pers., 225 \u20ac \/ Gruppe (beinhaltet Guide und MwSt.)<\/p>\n\n\n\n<p><strong>Startpunkt:<\/strong> Vilho Lampi -Museo, Liminka, Rantatie 14<\/p>\n\n\n\n<p><strong>Zeitraum:<\/strong> Ganzj\u00e4hrig buchbar<\/p>\n\n\n\n<p><strong>Sprachen:<\/strong> Deutsch, Finnisch, Englisch<\/p>\n\n\n\n<figure class=\"wp-block-gallery has-nested-images columns-4 is-cropped wp-block-gallery-1 is-layout-flex wp-block-gallery-is-layout-flex\">\n<figure class=\"wp-block-image size-large\"><img loading=\"lazy\" decoding=\"async\" width=\"1024\" height=\"719\" data-id=\"408\" src=\"https:\/\/www.windland.fi\/wp-content\/uploads\/2019\/07\/IMG_20190414_135831-1024x719.jpg\" alt=\"\" class=\"wp-image-408\" srcset=\"https:\/\/www.windland.fi\/wp-content\/uploads\/2019\/07\/IMG_20190414_135831-1024x719.jpg 1024w, https:\/\/www.windland.fi\/wp-content\/uploads\/2019\/07\/IMG_20190414_135831-300x211.jpg 300w, https:\/\/www.windland.fi\/wp-content\/uploads\/2019\/07\/IMG_20190414_135831-768x539.jpg 768w\" sizes=\"auto, (max-width: 1024px) 100vw, 1024px\" \/><figcaption class=\"wp-element-caption\">Steinschule<\/figcaption><\/figure>\n\n\n\n<figure class=\"wp-block-image size-large\"><img loading=\"lazy\" decoding=\"async\" width=\"785\" height=\"1024\" data-id=\"669\" src=\"https:\/\/www.windland.fi\/wp-content\/uploads\/2019\/08\/WP_20170820_010-785x1024.jpg\" alt=\"\" class=\"wp-image-669\" srcset=\"https:\/\/www.windland.fi\/wp-content\/uploads\/2019\/08\/WP_20170820_010-785x1024.jpg 785w, https:\/\/www.windland.fi\/wp-content\/uploads\/2019\/08\/WP_20170820_010-230x300.jpg 230w, https:\/\/www.windland.fi\/wp-content\/uploads\/2019\/08\/WP_20170820_010-768x1001.jpg 768w, https:\/\/www.windland.fi\/wp-content\/uploads\/2019\/08\/WP_20170820_010.jpg 1000w\" sizes=\"auto, (max-width: 785px) 100vw, 785px\" \/><figcaption class=\"wp-element-caption\">&#8218;Kaiser des Kirchspiels&#8216;<\/figcaption><\/figure>\n\n\n\n<figure class=\"wp-block-image size-large\"><img loading=\"lazy\" decoding=\"async\" width=\"768\" height=\"1024\" data-id=\"667\" src=\"https:\/\/www.windland.fi\/wp-content\/uploads\/2019\/08\/IMG_20190825_123250-768x1024.jpg\" alt=\"\" class=\"wp-image-667\" srcset=\"https:\/\/www.windland.fi\/wp-content\/uploads\/2019\/08\/IMG_20190825_123250-768x1024.jpg 768w, https:\/\/www.windland.fi\/wp-content\/uploads\/2019\/08\/IMG_20190825_123250-225x300.jpg 225w, https:\/\/www.windland.fi\/wp-content\/uploads\/2019\/08\/IMG_20190825_123250.jpg 780w\" sizes=\"auto, (max-width: 768px) 100vw, 768px\" \/><figcaption class=\"wp-element-caption\">Aappola<\/figcaption><\/figure>\n\n\n\n<figure class=\"wp-block-image size-large\"><img loading=\"lazy\" decoding=\"async\" width=\"746\" height=\"1024\" data-id=\"666\" src=\"https:\/\/www.windland.fi\/wp-content\/uploads\/2019\/08\/IMG_20190825_122602-746x1024.jpg\" alt=\"\" class=\"wp-image-666\" srcset=\"https:\/\/www.windland.fi\/wp-content\/uploads\/2019\/08\/IMG_20190825_122602-746x1024.jpg 746w, https:\/\/www.windland.fi\/wp-content\/uploads\/2019\/08\/IMG_20190825_122602-219x300.jpg 219w, https:\/\/www.windland.fi\/wp-content\/uploads\/2019\/08\/IMG_20190825_122602-768x1054.jpg 768w, https:\/\/www.windland.fi\/wp-content\/uploads\/2019\/08\/IMG_20190825_122602.jpg 1856w\" sizes=\"auto, (max-width: 746px) 100vw, 746px\" \/><figcaption class=\"wp-element-caption\">Abraham Ojanper\u00e4<\/figcaption><\/figure>\n<\/figure>\n","protected":false},"excerpt":{"rendered":"<p>Begleiten Sie uns auf einem Spaziergang durch \u00fcber 540 Jahre Geschichte im Alten Liminka! Wer ist \u00e4lter &#8211; Oulu oder Liminka? Wie in aller Welt konnten Schafe eine Schule gr\u00fcnden und wer ist der &#8218;Kaiser des Kirchspiels&#8216;? Die Antworten auf diese Fragen und noch viel mehr erfahren Sie auf der [&hellip;]<\/p>\n","protected":false},"author":1,"featured_media":408,"parent":1848,"menu_order":0,"comment_status":"closed","ping_status":"closed","template":"","meta":{"_coblocks_attr":"","_coblocks_dimensions":"","_coblocks_responsive_height":"","_coblocks_accordion_ie_support":"","footnotes":""},"class_list":["post-382","page","type-page","status-publish","has-post-thumbnail","hentry"],"translation":{"provider":"WPGlobus","version":"3.0.2","language":"de","enabled_languages":["fi","en","de"],"languages":{"fi":{"title":true,"content":true,"excerpt":false},"en":{"title":true,"content":true,"excerpt":false},"de":{"title":true,"content":true,"excerpt":false}}},"_links":{"self":[{"href":"https:\/\/www.windland.fi\/de\/wp-json\/wp\/v2\/pages\/382","targetHints":{"allow":["GET"]}}],"collection":[{"href":"https:\/\/www.windland.fi\/de\/wp-json\/wp\/v2\/pages"}],"about":[{"href":"https:\/\/www.windland.fi\/de\/wp-json\/wp\/v2\/types\/page"}],"author":[{"embeddable":true,"href":"https:\/\/www.windland.fi\/de\/wp-json\/wp\/v2\/users\/1"}],"replies":[{"embeddable":true,"href":"https:\/\/www.windland.fi\/de\/wp-json\/wp\/v2\/comments?post=382"}],"version-history":[{"count":0,"href":"https:\/\/www.windland.fi\/de\/wp-json\/wp\/v2\/pages\/382\/revisions"}],"up":[{"embeddable":true,"href":"https:\/\/www.windland.fi\/de\/wp-json\/wp\/v2\/pages\/1848"}],"wp:featuredmedia":[{"embeddable":true,"href":"https:\/\/www.windland.fi\/de\/wp-json\/wp\/v2\/media\/408"}],"wp:attachment":[{"href":"https:\/\/www.windland.fi\/de\/wp-json\/wp\/v2\/media?parent=382"}],"curies":[{"name":"wp","href":"https:\/\/api.w.org\/{rel}","templated":true}]}}