{"id":388,"date":"2019-07-26T14:56:35","date_gmt":"2019-07-26T12:56:35","guid":{"rendered":"https:\/\/www.windland.fi\/?page_id=388"},"modified":"2025-05-02T08:07:54","modified_gmt":"2025-05-02T06:07:54","slug":"opastettu-kierros-alakestilan-arboretumissa","status":"publish","type":"page","link":"https:\/\/www.windland.fi\/de\/opaspalvelut\/liminka\/opastettu-kierros-alakestilan-arboretumissa\/","title":{"rendered":"Mehr als nur B\u00e4ume &#8211; der botanischen Garten von Alakestil\u00e4"},"content":{"rendered":"\n<h5 class=\"wp-block-heading\">Entdecken Sie einen der sch\u00f6nsten Orte Liminkas! <\/h5>\n\n\n\n<p>Diese Tour f\u00fchrt Sie zu einem der sch\u00f6nsten Orte in Liminka, zum Botanischen Garten von Alakestil\u00e4 am Ufer des Flusses Liminka.<br>W\u00e4hrend des Spaziergangs lernen Sie die Geschichte des Parks, seiner Geb\u00e4ude und seines Gr\u00fcnders, des \u201ebaumverr\u00fcckten\u201c Gemeinderats Kalle Arvola, kennen.<br>Beim Spazieren \u00fcber die Wege, Br\u00fccken und Inseln des Parks k\u00f6nnen Sie seine Entstehung nachvollziehen und die erstaunlich reiche Sammlung einheimischer und exotischer B\u00e4ume und Pflanzen kennenlernen. Geschichten \u00fcber die verschiedenen Baumarten bringen deren geheimes Leben ans Licht.<br>Auf der Tour haben Sie sogar die Chance, einen K\u00f6nig zu umarmen!<\/p>\n\n\n\n<p><strong>Dauer:<\/strong> ca. 1,5 Std.<\/p>\n\n\n\n<p><strong>Teilnehmer:<\/strong> 4 &#8211; 20 Personen<\/p>\n\n\n\n<p><strong>Preis:<\/strong>\u00a045 \u20ac \/ Pers., 225 \u20ac \/ Gruppe (inkl. Guide, MwSt.)<\/p>\n\n\n\n<p><strong>Startpunkt<\/strong>: Parkplatz des Arboretums, V\u00e4rminkoskentie 20, Liminka<\/p>\n\n\n\n<p><strong>Zeitraum:<\/strong> April &#8211; Oktober (wetterabh\u00e4ngig)<\/p>\n\n\n\n<p><strong>Sprache<\/strong>: Deutsch, Englisch, Finnisch<\/p>\n\n\n\n<figure class=\"wp-block-gallery has-nested-images columns-5 is-cropped wp-block-gallery-1 is-layout-flex wp-block-gallery-is-layout-flex\">\n<figure class=\"wp-block-image size-large\"><img loading=\"lazy\" decoding=\"async\" width=\"1024\" height=\"570\" data-id=\"676\" src=\"https:\/\/www.windland.fi\/wp-content\/uploads\/2019\/08\/IMG_20190815_091801-1024x570.jpg\" alt=\"\" class=\"wp-image-676\" srcset=\"https:\/\/www.windland.fi\/wp-content\/uploads\/2019\/08\/IMG_20190815_091801-1024x570.jpg 1024w, https:\/\/www.windland.fi\/wp-content\/uploads\/2019\/08\/IMG_20190815_091801-300x167.jpg 300w, https:\/\/www.windland.fi\/wp-content\/uploads\/2019\/08\/IMG_20190815_091801-768x427.jpg 768w, https:\/\/www.windland.fi\/wp-content\/uploads\/2019\/08\/IMG_20190815_091801.jpg 1992w\" sizes=\"auto, (max-width: 1024px) 100vw, 1024px\" \/><figcaption class=\"wp-element-caption\">R\u00e4tt\u00e4ri-Insel<\/figcaption><\/figure>\n\n\n\n<figure class=\"wp-block-image size-large\"><img loading=\"lazy\" decoding=\"async\" width=\"945\" height=\"1024\" data-id=\"677\" src=\"https:\/\/www.windland.fi\/wp-content\/uploads\/2019\/08\/IMG_20190815_091955-945x1024.jpg\" alt=\"\" class=\"wp-image-677\" srcset=\"https:\/\/www.windland.fi\/wp-content\/uploads\/2019\/08\/IMG_20190815_091955-945x1024.jpg 945w, https:\/\/www.windland.fi\/wp-content\/uploads\/2019\/08\/IMG_20190815_091955-277x300.jpg 277w, https:\/\/www.windland.fi\/wp-content\/uploads\/2019\/08\/IMG_20190815_091955-768x832.jpg 768w, https:\/\/www.windland.fi\/wp-content\/uploads\/2019\/08\/IMG_20190815_091955.jpg 1558w\" sizes=\"auto, (max-width: 945px) 100vw, 945px\" \/><figcaption class=\"wp-element-caption\">Straussenfarn<\/figcaption><\/figure>\n\n\n\n<figure class=\"wp-block-image size-large\"><img loading=\"lazy\" decoding=\"async\" width=\"816\" height=\"1024\" data-id=\"678\" src=\"https:\/\/www.windland.fi\/wp-content\/uploads\/2019\/08\/IMG_20190815_092508-816x1024.jpg\" alt=\"\" class=\"wp-image-678\" srcset=\"https:\/\/www.windland.fi\/wp-content\/uploads\/2019\/08\/IMG_20190815_092508-816x1024.jpg 816w, https:\/\/www.windland.fi\/wp-content\/uploads\/2019\/08\/IMG_20190815_092508-239x300.jpg 239w, https:\/\/www.windland.fi\/wp-content\/uploads\/2019\/08\/IMG_20190815_092508-768x963.jpg 768w\" sizes=\"auto, (max-width: 816px) 100vw, 816px\" \/><figcaption class=\"wp-element-caption\">M\u00fchlstein<\/figcaption><\/figure>\n\n\n\n<figure class=\"wp-block-image size-large\"><img loading=\"lazy\" decoding=\"async\" width=\"1024\" height=\"768\" data-id=\"679\" src=\"https:\/\/www.windland.fi\/wp-content\/uploads\/2019\/08\/IMG_20190815_091358-1024x768.jpg\" alt=\"\" class=\"wp-image-679\" srcset=\"https:\/\/www.windland.fi\/wp-content\/uploads\/2019\/08\/IMG_20190815_091358-1024x768.jpg 1024w, https:\/\/www.windland.fi\/wp-content\/uploads\/2019\/08\/IMG_20190815_091358-300x225.jpg 300w, https:\/\/www.windland.fi\/wp-content\/uploads\/2019\/08\/IMG_20190815_091358-768x576.jpg 768w, https:\/\/www.windland.fi\/wp-content\/uploads\/2019\/08\/IMG_20190815_091358.jpg 1664w\" sizes=\"auto, (max-width: 1024px) 100vw, 1024px\" \/><figcaption class=\"wp-element-caption\">Japanische Walnuss<\/figcaption><\/figure>\n\n\n\n<figure class=\"wp-block-image size-large\"><img loading=\"lazy\" decoding=\"async\" width=\"706\" height=\"1024\" data-id=\"680\" src=\"https:\/\/www.windland.fi\/wp-content\/uploads\/2019\/08\/IMG_20190815_091613-706x1024.jpg\" alt=\"\" class=\"wp-image-680\" srcset=\"https:\/\/www.windland.fi\/wp-content\/uploads\/2019\/08\/IMG_20190815_091613-706x1024.jpg 706w, https:\/\/www.windland.fi\/wp-content\/uploads\/2019\/08\/IMG_20190815_091613-207x300.jpg 207w, https:\/\/www.windland.fi\/wp-content\/uploads\/2019\/08\/IMG_20190815_091613-768x1114.jpg 768w, https:\/\/www.windland.fi\/wp-content\/uploads\/2019\/08\/IMG_20190815_091613.jpg 918w\" sizes=\"auto, (max-width: 706px) 100vw, 706px\" \/><figcaption class=\"wp-element-caption\">Kaminh\u00fctte<\/figcaption><\/figure>\n<\/figure>\n","protected":false},"excerpt":{"rendered":"<p>Entdecken Sie einen der sch\u00f6nsten Orte Liminkas! Diese Tour f\u00fchrt Sie zu einem der sch\u00f6nsten Orte in Liminka, zum Botanischen Garten von Alakestil\u00e4 am Ufer des Flusses Liminka.W\u00e4hrend des Spaziergangs lernen Sie die Geschichte des Parks, seiner Geb\u00e4ude und seines Gr\u00fcnders, des \u201ebaumverr\u00fcckten\u201c Gemeinderats Kalle Arvola, kennen.Beim Spazieren \u00fcber die [&hellip;]<\/p>\n","protected":false},"author":1,"featured_media":365,"parent":1848,"menu_order":1,"comment_status":"closed","ping_status":"closed","template":"","meta":{"_coblocks_attr":"","_coblocks_dimensions":"","_coblocks_responsive_height":"","_coblocks_accordion_ie_support":"","footnotes":""},"class_list":["post-388","page","type-page","status-publish","has-post-thumbnail","hentry"],"translation":{"provider":"WPGlobus","version":"3.0.2","language":"de","enabled_languages":["fi","en","de"],"languages":{"fi":{"title":true,"content":true,"excerpt":false},"en":{"title":true,"content":true,"excerpt":false},"de":{"title":true,"content":true,"excerpt":false}}},"_links":{"self":[{"href":"https:\/\/www.windland.fi\/de\/wp-json\/wp\/v2\/pages\/388","targetHints":{"allow":["GET"]}}],"collection":[{"href":"https:\/\/www.windland.fi\/de\/wp-json\/wp\/v2\/pages"}],"about":[{"href":"https:\/\/www.windland.fi\/de\/wp-json\/wp\/v2\/types\/page"}],"author":[{"embeddable":true,"href":"https:\/\/www.windland.fi\/de\/wp-json\/wp\/v2\/users\/1"}],"replies":[{"embeddable":true,"href":"https:\/\/www.windland.fi\/de\/wp-json\/wp\/v2\/comments?post=388"}],"version-history":[{"count":0,"href":"https:\/\/www.windland.fi\/de\/wp-json\/wp\/v2\/pages\/388\/revisions"}],"up":[{"embeddable":true,"href":"https:\/\/www.windland.fi\/de\/wp-json\/wp\/v2\/pages\/1848"}],"wp:featuredmedia":[{"embeddable":true,"href":"https:\/\/www.windland.fi\/de\/wp-json\/wp\/v2\/media\/365"}],"wp:attachment":[{"href":"https:\/\/www.windland.fi\/de\/wp-json\/wp\/v2\/media?parent=388"}],"curies":[{"name":"wp","href":"https:\/\/api.w.org\/{rel}","templated":true}]}}