{"id":39,"date":"2019-05-15T13:02:25","date_gmt":"2019-05-15T11:02:25","guid":{"rendered":"http:\/\/www.windland.fi\/?page_id=39"},"modified":"2024-10-27T20:56:29","modified_gmt":"2024-10-27T18:56:29","slug":"kaeaennoespalvelut","status":"publish","type":"page","link":"https:\/\/www.windland.fi\/de\/kaeaennoespalvelut\/","title":{"rendered":"\u00dcbersetzungen Finnisch &#8211; Deutsch f\u00fcr Reiseveranstalter"},"content":{"rendered":"\n<h5 class=\"wp-block-heading\">Stellen Sie eine reibungslose Kommunikation zwischen Ihnen, Ihren Kunden und deren Reiseland sicher! <\/h5>\n\n\n\n<p>Sind Sie dabei, m\u00f6gliche Reiseziele in Finnland zu kartografieren oder Kontake zu finnischen Serviceanbietern vor Ort herzustellen? Legen Ihre Kunden wert auf Informationen in ihrer Muttersprache? <\/p>\n\n\n\n<p>Windland bietet Ihnen <strong>fachkundige und g\u00fcnstige \u00dcbersetzung von Informations- und Werbematerialien<\/strong> aus dem Finnischen ins Deutsche!<\/p>\n\n\n\n<p>Die \u00dcbersetzungen werden dabei direkt aus dem Finnischen get\u00e4tigt, englischsprachige Zwischentexte er\u00fcbrigen sich und damit auch die Gefahr von Unsch\u00e4rfen und Fehlern, die sich gerne in doppelte \u00dcbersetzungen einschleichen.<\/p>\n\n\n\n<p>Zum eigenen Hintergrund: Mit universit\u00e4rem Abschluss bin ich vor \u00fcber zehn Jahren aus Deutschland nach Finnland ausgewandert. Seitdem habe ich in Finnland gelebt und gearbeitet, 2018 auch mein eigenes Unternehmen, <em>Windland<\/em>, gegr\u00fcndet. Durch meinen langen Aufenthalt, mein Unternehmen und eigene Reisen sind mir das Land und seine Sprache \u00fcberaus vertraut. Auf diesem Hintergrund kann ich fachkundige und fundierte \u00dcbersetzung zum g\u00fcnstigen Preis anbieten! <\/p>\n\n\n\n<p><strong>Preis: 0,12 \u20ac\/Wort<\/strong> (o. MwSt.)<\/p>\n\n\n\n<p>Sind Sie interessiert? Nehmen Sie Kontakt auf unter <a href=\"mailto:christiane@windland.fi\">christiane@windland.fi<\/a> und fragen Sie nach einem Angebot!<\/p>\n\n\n<p><!--EndFragment--><\/p>","protected":false},"excerpt":{"rendered":"<p>Stellen Sie eine reibungslose Kommunikation zwischen Ihnen, Ihren Kunden und deren Reiseland sicher! Sind Sie dabei, m\u00f6gliche Reiseziele in Finnland zu kartografieren oder Kontake zu finnischen Serviceanbietern vor Ort herzustellen? Legen Ihre Kunden wert auf Informationen in ihrer Muttersprache? Windland bietet Ihnen fachkundige und g\u00fcnstige \u00dcbersetzung von Informations- und Werbematerialien [&hellip;]<\/p>\n","protected":false},"author":1,"featured_media":0,"parent":0,"menu_order":500,"comment_status":"closed","ping_status":"closed","template":"","meta":{"_coblocks_attr":"","_coblocks_dimensions":"","_coblocks_responsive_height":"","_coblocks_accordion_ie_support":"","footnotes":""},"class_list":["post-39","page","type-page","status-publish","hentry"],"translation":{"provider":"WPGlobus","version":"3.0.2","language":"de","enabled_languages":["fi","en","de"],"languages":{"fi":{"title":true,"content":true,"excerpt":false},"en":{"title":true,"content":true,"excerpt":false},"de":{"title":true,"content":true,"excerpt":false}}},"_links":{"self":[{"href":"https:\/\/www.windland.fi\/de\/wp-json\/wp\/v2\/pages\/39","targetHints":{"allow":["GET"]}}],"collection":[{"href":"https:\/\/www.windland.fi\/de\/wp-json\/wp\/v2\/pages"}],"about":[{"href":"https:\/\/www.windland.fi\/de\/wp-json\/wp\/v2\/types\/page"}],"author":[{"embeddable":true,"href":"https:\/\/www.windland.fi\/de\/wp-json\/wp\/v2\/users\/1"}],"replies":[{"embeddable":true,"href":"https:\/\/www.windland.fi\/de\/wp-json\/wp\/v2\/comments?post=39"}],"version-history":[{"count":0,"href":"https:\/\/www.windland.fi\/de\/wp-json\/wp\/v2\/pages\/39\/revisions"}],"wp:attachment":[{"href":"https:\/\/www.windland.fi\/de\/wp-json\/wp\/v2\/media?parent=39"}],"curies":[{"name":"wp","href":"https:\/\/api.w.org\/{rel}","templated":true}]}}