{"id":41,"date":"2019-05-15T13:04:39","date_gmt":"2019-05-15T12:04:39","guid":{"rendered":"http:\/\/www.windland.fi\/?page_id=41"},"modified":"2024-11-22T13:15:03","modified_gmt":"2024-11-22T11:15:03","slug":"opastettu_retki_rokualle","status":"publish","type":"page","link":"https:\/\/www.windland.fi\/de\/ohjelmapalvelut\/opastettu_retki_rokualle\/","title":{"rendered":"Ausflug von Oulu zum Nationalpark Rokua"},"content":{"rendered":"\n<h3 class=\"wp-block-heading\">Erleben Sie die einzigartige Natur des Nationalparks Rokua mit einem privaten Guide \u2013 m\u00fchelos und bequem!<\/h3>\n\n\n\n<p>Der Guide holt Sie direkt von Ihrer Unterkunft in Oulu ab und gemeinsam fahren wir durch das sch\u00f6ne Tal des Oulu-Flusses in Richtung Nationalpark Rokua. W\u00e4hrend der einst\u00fcndigen Fahrt erfahren Sie Interessantes \u00fcber die Geschichte des Tals und seiner Siedlungen.<\/p>\n\n\n\n<p>In Rokua wandern wir etwa 7 km durch die wundervollen Landschaften, die w\u00e4hrend der letzten Eiszeit geformt wurden. Unsere Reise f\u00fchrt uns zu den besten Zielen des Nationalparks, wie Finnlands tiefstem Toteisloch, Syvyydenkaivo, und dem h\u00f6chsten Punkt des Parks, Pookivaara mit seinem ber\u00fchmten Aussichtsturm. Am See Pitk\u00e4j\u00e4rvi machen wir eine entspannende Pause \u2013 hier k\u00f6nnen Sie sich sogar mit einem Bad im kristallklaren Wasser des Toteissees erfrischen!<\/p>\n\n\n\n<p>W\u00e4hrend der Wanderung informiert Sie Ihr Guide \u00fcber die einzigartigen Merkmale des Nationalparks und des Rokua-Geoparks, die Entstehung der Landschaft sowie die Flora und Fauna der Gegend. Dar\u00fcber hinaus erfahren Sie spannende Geschichten \u00fcber die Vergangenheit der Gegend, ihre Bewohner und Besucher.<\/p>\n\n\n\n<p>Nach der Wanderung k\u00f6nnen Sie sich ausruhen und entspannen, w\u00e4hrend der Guide Sie bequem zur\u00fcck zu Ihrer Unterkunft bringt. Auf dem R\u00fcckweg k\u00f6nnen Sie weitere Informationen zur Geschichte der Region und der Stadt Oulu erhalten.<\/p>\n\n\n\n<p>Auf Wunsch k\u00f6nnen Sie als Zusatzleistungen vorab eine traditionelle Grillwurst oder ein leckeres Snackpaket bestellen, Sie k\u00f6nnen aber nat\u00fcrlich auch gerne eigene Snacks mitbringen.<\/p>\n\n\n\n<p><strong>Dauer:<\/strong> ca. 6 Stunden<\/p>\n\n\n\n<p><strong>L\u00e4nge der Wanderung:<\/strong> ca. 7 km<\/p>\n\n\n\n<p><strong>Teilnehmer:<\/strong> max. 4 Personen<\/p>\n\n\n\n<p><strong>Preis:<\/strong> 569 \u20ac<\/p>\n\n\n\n<p><strong>Im Preis enthalten:<\/strong> Privater Guide, Transport von und zu Ihrer Unterkunft, MwSt.<\/p>\n\n\n\n<p><strong>Treffpunkt<\/strong>: Ihre Unterkunft<\/p>\n\n\n\n<p><strong>Verf\u00fcgbarkeit<\/strong>: Mai \u2013 Oktober (wetterabh\u00e4ngig)<\/p>\n\n\n\n<p><strong>Kategorie<\/strong>: Mittelschwer, nicht barrierefrei<\/p>\n\n\n\n<p><strong>Ausr\u00fcstung<\/strong>: Wettergerechte Outdoor-Kleidung, optional Badeanzug und Handtuch, Wasserflasche<\/p>\n","protected":false},"excerpt":{"rendered":"<p>Erleben Sie die einzigartige Natur des Nationalparks Rokua mit einem privaten Guide \u2013 m\u00fchelos und bequem! Der Guide holt Sie direkt von Ihrer Unterkunft in Oulu ab und gemeinsam fahren wir durch das sch\u00f6ne Tal des Oulu-Flusses in Richtung Nationalpark Rokua. W\u00e4hrend der einst\u00fcndigen Fahrt erfahren Sie Interessantes \u00fcber die [&hellip;]<\/p>\n","protected":false},"author":1,"featured_media":2739,"parent":21,"menu_order":2,"comment_status":"closed","ping_status":"closed","template":"","meta":{"_coblocks_attr":"","_coblocks_dimensions":"","_coblocks_responsive_height":"","_coblocks_accordion_ie_support":"","footnotes":""},"class_list":["post-41","page","type-page","status-publish","has-post-thumbnail","hentry"],"translation":{"provider":"WPGlobus","version":"3.0.2","language":"de","enabled_languages":["fi","en","de"],"languages":{"fi":{"title":true,"content":true,"excerpt":false},"en":{"title":true,"content":true,"excerpt":false},"de":{"title":true,"content":true,"excerpt":false}}},"_links":{"self":[{"href":"https:\/\/www.windland.fi\/de\/wp-json\/wp\/v2\/pages\/41","targetHints":{"allow":["GET"]}}],"collection":[{"href":"https:\/\/www.windland.fi\/de\/wp-json\/wp\/v2\/pages"}],"about":[{"href":"https:\/\/www.windland.fi\/de\/wp-json\/wp\/v2\/types\/page"}],"author":[{"embeddable":true,"href":"https:\/\/www.windland.fi\/de\/wp-json\/wp\/v2\/users\/1"}],"replies":[{"embeddable":true,"href":"https:\/\/www.windland.fi\/de\/wp-json\/wp\/v2\/comments?post=41"}],"version-history":[{"count":0,"href":"https:\/\/www.windland.fi\/de\/wp-json\/wp\/v2\/pages\/41\/revisions"}],"up":[{"embeddable":true,"href":"https:\/\/www.windland.fi\/de\/wp-json\/wp\/v2\/pages\/21"}],"wp:featuredmedia":[{"embeddable":true,"href":"https:\/\/www.windland.fi\/de\/wp-json\/wp\/v2\/media\/2739"}],"wp:attachment":[{"href":"https:\/\/www.windland.fi\/de\/wp-json\/wp\/v2\/media?parent=41"}],"curies":[{"name":"wp","href":"https:\/\/api.w.org\/{rel}","templated":true}]}}