{"id":50,"date":"2019-05-15T13:06:37","date_gmt":"2019-05-15T11:06:37","guid":{"rendered":"http:\/\/www.windland.fi\/?page_id=50"},"modified":"2025-06-09T06:33:29","modified_gmt":"2025-06-09T04:33:29","slug":"yritys","status":"publish","type":"page","link":"https:\/\/www.windland.fi\/de\/yritys\/","title":{"rendered":"\u00dcber mich"},"content":{"rendered":"\n<h5 class=\"wp-block-heading\">Das Unternehmen<\/h5>\n\n\n\n<p>Windland ist ein kleines, familien- und umweltfreundliches, 2018 gegr\u00fcndetes Unternehmen in Liminka, das verschiedene Aktivit\u00e4ten und Programme in der Natur um Oulu, insbesondere in Liminka und Rokua anbietet. Alle Aktivit\u00e4ten und Programme finden draussen, in der Natur statt. Dabei liegt und uns vor allem Naturschutz und nachhaltiges Handeln am Herzen. <\/p>\n\n\n\n<p>Dar\u00fcber hinaus bieten wir fachkundige und fundierte \u00dcbersetzung vom Finnischen ins Deutsche f\u00fcr Reiseveranstalter an. <\/p>\n\n\n\n<p>Windland ist ein rauchfreies Unternehmen. <\/p>\n\n\n\n<figure class=\"wp-block-gallery has-nested-images columns-4 is-cropped wp-block-gallery-1 is-layout-flex wp-block-gallery-is-layout-flex\">\n<figure class=\"wp-block-image\"><img loading=\"lazy\" decoding=\"async\" width=\"768\" height=\"1024\" data-id=\"1044\" src=\"https:\/\/www.windland.fi\/wp-content\/uploads\/2020\/01\/IMG_20190505_181723-768x1024.jpg\" alt=\"\" class=\"wp-image-1044\" srcset=\"https:\/\/www.windland.fi\/wp-content\/uploads\/2020\/01\/IMG_20190505_181723-768x1024.jpg 768w, https:\/\/www.windland.fi\/wp-content\/uploads\/2020\/01\/IMG_20190505_181723-225x300.jpg 225w, https:\/\/www.windland.fi\/wp-content\/uploads\/2020\/01\/IMG_20190505_181723.jpg 780w\" sizes=\"auto, (max-width: 768px) 100vw, 768px\" \/><figcaption class=\"wp-element-caption\">Fr\u00fchling in Liminka<\/figcaption><\/figure>\n\n\n\n<figure class=\"wp-block-image\"><img loading=\"lazy\" decoding=\"async\" width=\"1024\" height=\"645\" data-id=\"1042\" src=\"https:\/\/www.windland.fi\/wp-content\/uploads\/2020\/01\/IMG_20180530_164733-1024x645.jpg\" alt=\"\" class=\"wp-image-1042\" srcset=\"https:\/\/www.windland.fi\/wp-content\/uploads\/2020\/01\/IMG_20180530_164733-1024x645.jpg 1024w, https:\/\/www.windland.fi\/wp-content\/uploads\/2020\/01\/IMG_20180530_164733-300x189.jpg 300w, https:\/\/www.windland.fi\/wp-content\/uploads\/2020\/01\/IMG_20180530_164733-768x483.jpg 768w, https:\/\/www.windland.fi\/wp-content\/uploads\/2020\/01\/IMG_20180530_164733-1536x967.jpg 1536w, https:\/\/www.windland.fi\/wp-content\/uploads\/2020\/01\/IMG_20180530_164733-2048x1289.jpg 2048w\" sizes=\"auto, (max-width: 1024px) 100vw, 1024px\" \/><figcaption class=\"wp-element-caption\">Rokua<\/figcaption><\/figure>\n\n\n\n<figure class=\"wp-block-image\"><img loading=\"lazy\" decoding=\"async\" width=\"589\" height=\"676\" data-id=\"1049\" src=\"https:\/\/www.windland.fi\/wp-content\/uploads\/2020\/01\/IMG_20180901_1245561.jpg\" alt=\"\" class=\"wp-image-1049\" srcset=\"https:\/\/www.windland.fi\/wp-content\/uploads\/2020\/01\/IMG_20180901_1245561.jpg 589w, https:\/\/www.windland.fi\/wp-content\/uploads\/2020\/01\/IMG_20180901_1245561-261x300.jpg 261w\" sizes=\"auto, (max-width: 589px) 100vw, 589px\" \/><figcaption class=\"wp-element-caption\">Waldkunst<\/figcaption><\/figure>\n\n\n\n<figure class=\"wp-block-image\"><img loading=\"lazy\" decoding=\"async\" width=\"1024\" height=\"847\" data-id=\"362\" src=\"https:\/\/www.windland.fi\/wp-content\/uploads\/2019\/07\/IMG_20190624_130049-1024x847.jpg\" alt=\"\" class=\"wp-image-362\" srcset=\"https:\/\/www.windland.fi\/wp-content\/uploads\/2019\/07\/IMG_20190624_130049-1024x847.jpg 1024w, https:\/\/www.windland.fi\/wp-content\/uploads\/2019\/07\/IMG_20190624_130049-300x248.jpg 300w, https:\/\/www.windland.fi\/wp-content\/uploads\/2019\/07\/IMG_20190624_130049-768x636.jpg 768w\" sizes=\"auto, (max-width: 1024px) 100vw, 1024px\" \/><figcaption class=\"wp-element-caption\">Abenteuertag in Liminka<\/figcaption><\/figure>\n<\/figure>\n\n\n\n<div style=\"height:50px\" aria-hidden=\"true\" class=\"wp-block-spacer\"><\/div>\n\n\n\n<h5 class=\"wp-block-heading\">\u00dcber mich<\/h5>\n\n\n\n<p>Geboren und aufgewachsen bin ich in der Rh\u00f6n, deren Natur mich nachhaltig gepr\u00e4gt hat. Nach meinen Studium im Ruhrgebiet bin ich Anfang 2009 mit meiner Familie nach Finnland ausgewandert, direkt in die weite Ebene von Liminka. <\/p>\n\n\n\n<p>Gew\u00f6hnt an die Berge und W\u00e4lder der Rh\u00f6n, hat es eine zeitlang gedauert, bis ich mich in der Ebene von Liminka heimisch gef\u00fchlt habe. Inzwischen habe ich aber diese &#8218;aus dem Meer gestiegene&#8216; Landschaft sch\u00e4tzen und lieben gelernt. Die Singschw\u00e4ne und Kraniche, die im Fr\u00fchjahr \u00fcber unser Haus ziehen, die lange Geschichte Liminkas, die Berichte und Erz\u00e4hlungen \u00fcber die Gemeinde und ihre Einwohner sowie deren &#8218;verborgenen Sch\u00e4tze&#8216; erstaunen mich immer wieder! Hier gibt es weit mehr zu entdecken als nur ebene Landschaften!<\/p>\n\n\n\n<p>In der Natur Finnlands kann ich abschalten und entspannen. Ich f\u00fchle mich in der Ebene um Liminka ebenso wohl, wie in den Kieferw\u00e4ldern von Rokua, auf den Felsen von Koli oder den Fjels in Lappland. Die besten Augenblicke erlebe ich, wenn ich am Morgen aus dem Zelt krieche und in das kalte Wasser eines Sees springe. <\/p>\n\n\n\n<p>Mein beruflicher Werdegang begann mit dem Studium der Slawistik und Kunstgeschichte an der Ruhr-Universit\u00e4t Bochum, an der ich auch eine zeitlang gearbeitet habe. In Finnland habe ich, nach meiner Ausbildung zur Kranken- sowie Kinderpflegerin, \u00fcber sechs Jahre im Kindergarten gearbeitet und viele Erfahrungen sammeln k\u00f6nnen. Last but not least habe ich die Ausbildung zum Naturf\u00fchrer absolviert und <em>Windland<\/em> <em> &#8211; Programme und Aktivit\u00e4ten in der Natur<\/em> gegr\u00fcndet.  <\/p>\n\n\n\n<p>Durch <em>Windland<\/em>  kann ich endlich all mein K\u00f6nnen, meine Erfahrungen und Interessen vereinen und hoffe, mit meiner Begeisterung f\u00fcr die grossen und kleinen Wunder der Natur auch andere Menschen anstecken zu k\u00f6nnen.  <\/p>\n\n\n\n<figure class=\"wp-block-gallery has-nested-images columns-default is-cropped wp-block-gallery-2 is-layout-flex wp-block-gallery-is-layout-flex\">\n<figure class=\"wp-block-image size-large\"><img loading=\"lazy\" decoding=\"async\" width=\"1024\" height=\"736\" data-id=\"984\" src=\"https:\/\/www.windland.fi\/wp-content\/uploads\/2020\/01\/IMG_20180718_154445-1024x736.jpg\" alt=\"\" class=\"wp-image-984\" srcset=\"https:\/\/www.windland.fi\/wp-content\/uploads\/2020\/01\/IMG_20180718_154445-1024x736.jpg 1024w, https:\/\/www.windland.fi\/wp-content\/uploads\/2020\/01\/IMG_20180718_154445-300x216.jpg 300w, https:\/\/www.windland.fi\/wp-content\/uploads\/2020\/01\/IMG_20180718_154445-768x552.jpg 768w, https:\/\/www.windland.fi\/wp-content\/uploads\/2020\/01\/IMG_20180718_154445-1536x1104.jpg 1536w, https:\/\/www.windland.fi\/wp-content\/uploads\/2020\/01\/IMG_20180718_154445-2048x1472.jpg 2048w\" sizes=\"auto, (max-width: 1024px) 100vw, 1024px\" \/><figcaption class=\"wp-element-caption\">Christiane<\/figcaption><\/figure>\n\n\n\n<figure class=\"wp-block-image size-large\"><img loading=\"lazy\" decoding=\"async\" width=\"577\" height=\"1024\" data-id=\"979\" src=\"https:\/\/www.windland.fi\/wp-content\/uploads\/2020\/01\/WP_20160710_002-577x1024.jpg\" alt=\"\" class=\"wp-image-979\" srcset=\"https:\/\/www.windland.fi\/wp-content\/uploads\/2020\/01\/WP_20160710_002-577x1024.jpg 577w, https:\/\/www.windland.fi\/wp-content\/uploads\/2020\/01\/WP_20160710_002-169x300.jpg 169w, https:\/\/www.windland.fi\/wp-content\/uploads\/2020\/01\/WP_20160710_002-768x1364.jpg 768w, https:\/\/www.windland.fi\/wp-content\/uploads\/2020\/01\/WP_20160710_002-865x1536.jpg 865w, https:\/\/www.windland.fi\/wp-content\/uploads\/2020\/01\/WP_20160710_002-1153x2048.jpg 1153w, https:\/\/www.windland.fi\/wp-content\/uploads\/2020\/01\/WP_20160710_002-scaled.jpg 1441w\" sizes=\"auto, (max-width: 577px) 100vw, 577px\" \/><figcaption class=\"wp-element-caption\">Rh\u00f6n &#8211; eine alter Freund aus der Jugend<\/figcaption><\/figure>\n\n\n\n<figure class=\"wp-block-image size-large\"><img loading=\"lazy\" decoding=\"async\" width=\"1024\" height=\"768\" data-id=\"985\" src=\"https:\/\/www.windland.fi\/wp-content\/uploads\/2020\/01\/IMG_20180315_180637-1024x768.jpg\" alt=\"\" class=\"wp-image-985\" srcset=\"https:\/\/www.windland.fi\/wp-content\/uploads\/2020\/01\/IMG_20180315_180637-1024x768.jpg 1024w, https:\/\/www.windland.fi\/wp-content\/uploads\/2020\/01\/IMG_20180315_180637-300x225.jpg 300w, https:\/\/www.windland.fi\/wp-content\/uploads\/2020\/01\/IMG_20180315_180637-768x576.jpg 768w, https:\/\/www.windland.fi\/wp-content\/uploads\/2020\/01\/IMG_20180315_180637-1536x1152.jpg 1536w, https:\/\/www.windland.fi\/wp-content\/uploads\/2020\/01\/IMG_20180315_180637-2048x1536.jpg 2048w\" sizes=\"auto, (max-width: 1024px) 100vw, 1024px\" \/><figcaption class=\"wp-element-caption\">Winter in Liminka<\/figcaption><\/figure>\n<\/figure>\n\n\n\n<div style=\"height:100px\" aria-hidden=\"true\" class=\"wp-block-spacer\"><\/div>\n","protected":false},"excerpt":{"rendered":"<p>Das Unternehmen Windland ist ein kleines, familien- und umweltfreundliches, 2018 gegr\u00fcndetes Unternehmen in Liminka, das verschiedene Aktivit\u00e4ten und Programme in der Natur um Oulu, insbesondere in Liminka und Rokua anbietet. Alle Aktivit\u00e4ten und Programme finden draussen, in der Natur statt. Dabei liegt und uns vor allem Naturschutz und nachhaltiges Handeln [&hellip;]<\/p>\n","protected":false},"author":1,"featured_media":5,"parent":0,"menu_order":600,"comment_status":"closed","ping_status":"closed","template":"","meta":{"_coblocks_attr":"","_coblocks_dimensions":"","_coblocks_responsive_height":"","_coblocks_accordion_ie_support":"","footnotes":""},"class_list":["post-50","page","type-page","status-publish","has-post-thumbnail","hentry"],"translation":{"provider":"WPGlobus","version":"3.0.2","language":"de","enabled_languages":["fi","en","de"],"languages":{"fi":{"title":true,"content":true,"excerpt":false},"en":{"title":true,"content":false,"excerpt":false},"de":{"title":true,"content":true,"excerpt":false}}},"_links":{"self":[{"href":"https:\/\/www.windland.fi\/de\/wp-json\/wp\/v2\/pages\/50","targetHints":{"allow":["GET"]}}],"collection":[{"href":"https:\/\/www.windland.fi\/de\/wp-json\/wp\/v2\/pages"}],"about":[{"href":"https:\/\/www.windland.fi\/de\/wp-json\/wp\/v2\/types\/page"}],"author":[{"embeddable":true,"href":"https:\/\/www.windland.fi\/de\/wp-json\/wp\/v2\/users\/1"}],"replies":[{"embeddable":true,"href":"https:\/\/www.windland.fi\/de\/wp-json\/wp\/v2\/comments?post=50"}],"version-history":[{"count":0,"href":"https:\/\/www.windland.fi\/de\/wp-json\/wp\/v2\/pages\/50\/revisions"}],"wp:featuredmedia":[{"embeddable":true,"href":"https:\/\/www.windland.fi\/de\/wp-json\/wp\/v2\/media\/5"}],"wp:attachment":[{"href":"https:\/\/www.windland.fi\/de\/wp-json\/wp\/v2\/media?parent=50"}],"curies":[{"name":"wp","href":"https:\/\/api.w.org\/{rel}","templated":true}]}}