{"id":58,"date":"2019-05-15T13:05:55","date_gmt":"2019-05-15T11:05:55","guid":{"rendered":"http:\/\/www.windland.fi\/?page_id=58"},"modified":"2024-10-27T20:25:54","modified_gmt":"2024-10-27T18:25:54","slug":"toimintaperiaatteet-ja-arvot","status":"publish","type":"page","link":"https:\/\/www.windland.fi\/de\/yritys\/toimintaperiaatteet-ja-arvot\/","title":{"rendered":"Prinzipien und Werte unserer Dienstleistungen"},"content":{"rendered":"\n<h5 class=\"wp-block-heading\">Sicherheit und nachhaltiges Handeln<\/h5>\n\n\n\n<ul class=\"wp-block-list\">\n<li><strong>Sicherheit<\/strong>: Die Sicherheit unserer Kunden ist Ausgangspunkt aller Dienstleistungen. <\/li>\n\n\n\n<li><strong>Nachhaltiges Handeln und Verantwortung<\/strong>: Das Unternehmen ber\u00fccksichtigt in allen Phasen seiner Dienstleistungen &#8211; von der Planung bis zur Verwirklichung -, deren Auswirkung auf die Umwelt und den Erdball. Unser Prinzip ist &#8222;Weniger ist mehr&#8220;. So vermeiden wir unn\u00f6tigen M\u00fcll durch den Verzicht auf Einweggeschirr. Der M\u00fcll, der w\u00e4hrend der Programme entsteht, wird sachgerecht sortiert und entsorgt &#8211; was wir in die Natur bringen, nehmen wie auch wieder mit! Im Wald verwenden wir vorhandene Wegenetze und Pausenpl\u00e4tze, um m\u00f6glichst wenig Spuren zu hinterlassen. Lebensmittel w\u00e4hlen wir nach nachhaltigen Kriterien &#8211; wir bevorzugen regionale, biologische und FairTrade Produkte. <\/li>\n\n\n\n<li><strong>Regionalit\u00e4t<\/strong>: Wir nutzen in erster Linie die M\u00f6glichkeiten vor Ort und arbeiten zusammen mit lokalen Unternehmen und Produzenten.<\/li>\n\n\n\n<li><strong>Beziehung zur Natur<\/strong>: Der Mensch ist Teil der Natur. Deshalb bem\u00fchen wir uns in unseren Programmen, diese Beziehung durch pers\u00f6nliche Erlebnisse und besondere Eindr\u00fccke in der Natur zu unterst\u00fctzen. <\/li>\n\n\n\n<li><strong>Professionalit\u00e4t<\/strong> und <strong>Qualilt\u00e4t<\/strong> sind die Grundagen f\u00fcr unsere Dienstleistungen. <\/li>\n<\/ul>\n","protected":false},"excerpt":{"rendered":"<p>Sicherheit und nachhaltiges Handeln<\/p>\n","protected":false},"author":1,"featured_media":0,"parent":50,"menu_order":3,"comment_status":"closed","ping_status":"closed","template":"","meta":{"_coblocks_attr":"","_coblocks_dimensions":"","_coblocks_responsive_height":"","_coblocks_accordion_ie_support":"","footnotes":""},"class_list":["post-58","page","type-page","status-publish","hentry"],"translation":{"provider":"WPGlobus","version":"3.0.2","language":"de","enabled_languages":["fi","en","de"],"languages":{"fi":{"title":true,"content":true,"excerpt":false},"en":{"title":true,"content":false,"excerpt":false},"de":{"title":true,"content":true,"excerpt":false}}},"_links":{"self":[{"href":"https:\/\/www.windland.fi\/de\/wp-json\/wp\/v2\/pages\/58","targetHints":{"allow":["GET"]}}],"collection":[{"href":"https:\/\/www.windland.fi\/de\/wp-json\/wp\/v2\/pages"}],"about":[{"href":"https:\/\/www.windland.fi\/de\/wp-json\/wp\/v2\/types\/page"}],"author":[{"embeddable":true,"href":"https:\/\/www.windland.fi\/de\/wp-json\/wp\/v2\/users\/1"}],"replies":[{"embeddable":true,"href":"https:\/\/www.windland.fi\/de\/wp-json\/wp\/v2\/comments?post=58"}],"version-history":[{"count":0,"href":"https:\/\/www.windland.fi\/de\/wp-json\/wp\/v2\/pages\/58\/revisions"}],"up":[{"embeddable":true,"href":"https:\/\/www.windland.fi\/de\/wp-json\/wp\/v2\/pages\/50"}],"wp:attachment":[{"href":"https:\/\/www.windland.fi\/de\/wp-json\/wp\/v2\/media?parent=58"}],"curies":[{"name":"wp","href":"https:\/\/api.w.org\/{rel}","templated":true}]}}