{"id":60,"date":"2019-05-15T13:05:33","date_gmt":"2019-05-15T11:05:33","guid":{"rendered":"http:\/\/www.windland.fi\/?page_id=60"},"modified":"2024-10-27T20:26:04","modified_gmt":"2024-10-27T18:26:04","slug":"tietosuojaseloste","status":"publish","type":"page","link":"https:\/\/www.windland.fi\/de\/yritys\/tietosuojaseloste\/","title":{"rendered":"Datenschutzerkl\u00e4rung"},"content":{"rendered":"\n<p><strong>Grundlegendes<\/strong><\/p>\n\n\n\n<p>Diese Datenschutzerkl\u00e4rung soll die Nutzer dieser Website \u00fcber die Art, den Umfang und den Zweck der Erhebung und Verwendung personenbezogener Daten durch den Websitebetreiber informieren.<\/p>\n\n\n\n<p>Der Websitebetreiber nimmt Ihren\nDatenschutz sehr ernst und behandelt Ihre personenbezogenen Daten vertraulich\nund entsprechend der gesetzlichen Vorschriften. Da durch neue Technologien und\ndie st\u00e4ndige Weiterentwicklung dieser Webseite \u00c4nderungen an dieser\nDatenschutzerkl\u00e4rung vorgenommen werden k\u00f6nnen, empfehlen wir Ihnen sich die\nDatenschutzerkl\u00e4rung in regelm\u00e4\u00dfigen Abst\u00e4nden wieder durchzulesen.<\/p>\n\n\n\n<p><strong>Verantwortlicher<\/strong><\/p>\n\n\n\n<p>Verantwortlich f\u00fcr die Datenverarbeitung ist Christiane Klebl.  <\/p>\n\n\n\n<h6 class=\"wp-block-heading\">Kontakt:<\/h6>\n\n\n\n<p>Christiane Klebl<\/p>\n\n\n\n<p>Ruiskuja 4<\/p>\n\n\n\n<p>91910 Tupos<\/p>\n\n\n\n<p>Telefon: +358 46 5819 257<\/p>\n\n\n\n<p>Email: christiane@windland.fi<\/p>\n\n\n\n<p><strong>Personenbezogene Daten<\/strong><\/p>\n\n\n\n<p>Personenbezogene Daten sind alle Informationen, die sich auf eine identifizierte oder identifizierbare nat\u00fcrliche Person beziehen. Als identifizierbar wird eine nat\u00fcrliche Person angesehen, die direkt oder indirekt, insbesondere mittels Zuordnung zu einer Kennung wie einem Namen, zu einer Kennnummer, zu Standortdaten, zu einer Online-Kennung oder zu einem oder mehreren besonderen Merkmalen identifiziert werden kann, die Ausdruck der physischen, physiologischen, genetischen, psychischen, wirtschaftlichen, kulturellen oder sozialen Identit\u00e4t dieser nat\u00fcrlichen Person sind.<\/p>\n\n\n\n<h6 class=\"wp-block-heading\"><strong>Speicherung von personenbezogenen Daten <\/strong><\/h6>\n\n\n\n<p>Nehmen Sie mit uns als Websitebetreiber durch die angebotenen Kontaktm\u00f6glichkeiten Verbindung auf, werden Ihre Angaben gespeichert, damit auf diese zur Bearbeitung und Beantwortung Ihrer Anfrage zur\u00fcckgegriffen werden kann. <\/p>\n\n\n\n<p>Quellen f\u00fcr personenbezogene Daten ist die Person, die mit uns in Kontakt tritt, technisch erhobene Daten (s.u.) sowie \u00f6ffentlich zug\u00e4gliche Informationsquellen. <\/p>\n\n\n\n<p>Personenbezogene Daten werden nur zu vorab definierten Zwecken verwendet. Personenbezogene Daten verwenden wir zum Zwecke der Kontaktaufnahme, der Erf\u00fcllung vertraglicher Verpflichtungen, der Marketingmitteilungen und -optimierung, der Gesch\u00e4ftsplanung und Produktentwicklung, des Versands von Informationen, der Verbesserung der Nutzerfreundlichkeit der Website, des personalisierten Services sowie anderer Nachforschungen und Analysen. <\/p>\n\n\n\n<p><strong>Folgende personenbezogene Daten k\u00f6nnen gespeichert werden: <\/strong><\/p>\n\n\n\n<ul class=\"wp-block-list\">\n<li>personenbezogene Daren, wie Namen, Adresse, Email, Telefonnummer, Geburtsdatum und andere Kontaktdaten<\/li>\n\n\n\n<li>Gesch\u00e4fts- und Nutzungsinformationen wie Gesch\u00e4fts-IDs, Zahlungsdetails und Zahlungsmethoden, Website-Adressen, IDs \/ Profile f\u00fcr Social Media-Dienste, Position in der Organisation, Kundenfeedback, Berechtigungen, Einwilligungen und Verbote sowie weitere Informationen zu Kundenbeziehungen<\/li>\n\n\n\n<li>sonstige personenbezogene Daten und Fotos, sofern die betroffene Person ihrer Zustimmung erteilt.<\/li>\n<\/ul>\n\n\n\n<p><strong>Daten beim Websiteaufruf<\/strong><\/p>\n\n\n\n<ul class=\"wp-block-list\">\n<li>IP-Adresse<\/li>\n\n\n\n<li>Datum und Uhrzeit der Anfrage<\/li>\n\n\n\n<li>jeweils \u00fcbertragene Datenmenge<\/li>\n\n\n\n<li>die Website, von der die Anforderung kommt<\/li>\n\n\n\n<li>Browsertyp und Browserversion<\/li>\n\n\n\n<li>Betriebssystem<\/li>\n<\/ul>\n\n\n\n<p>Wenn Sie diese Website nur nutzen, um sich zu informieren und keine Daten angeben, dann verarbeiten wir nur die Daten, die zur Anzeige der Website auf dem von Ihnen verwendeten internetf\u00e4higen Ger\u00e4t erforderlich sind. Das sind insbesondere:<\/p>\n\n\n\n<p>Rechtsgrundlage f\u00fcr die Verarbeitung dieser Daten sind berechtigte Interessen gem\u00e4\u00df Art. 6 Abs. 1 UAbs. 1 Buchstabe f) DSGVO, um die Darstellung der Website grunds\u00e4tzlich zu erm\u00f6glichen.<\/p>\n\n\n\n<p>Dar\u00fcber hinaus k\u00f6nnen Sie verschiedene Leistungen auf der Website nutzen, bei der weitere personenbezogene und nicht personenbezogene Daten verarbeitet werden.<\/p>\n\n\n\n<p><strong>Behandlung von personenbezogenen Daten<\/strong><\/p>\n\n\n\n<p>Personenbezogene Daten werden in erster Linie vom Websitebetreiber behandelt.  Personenpersonene Daten werden ohne Ihre Einwilligung nicht an Dritte weitergegeben. Wir k\u00f6nnen jedoch personenbezogene Daten an Dritte weitergeben, sofern deren gesetzesgem\u00e4\u03b2e Behandlung und Verarbeitung vertraglich gew\u00e4hrleistet ist. <\/p>\n\n\n\n<p>Wir haben uns davon \u00fcberzeugt, dass die von uns verwendeten Dienstleister personenbezogene Daten im Sinne des Datenschutzgesetzes behandeln. Diese Dienstleister sind Louhi (Webhostel, Email) und Pivo Wallet Oy (Buchhaltung).<\/p>\n\n\n\n<p><strong>Speicherungsdauer personenbezogener Daten<\/strong><\/p>\n\n\n\n<p>Daten im Marketingregister werden bis auf Widerruf gespeichert.<\/p>\n\n\n\n<p>Informationen \u00fcber Zahlungsverhalten und -art werden im Zusammenhang mit der Buchf\u00fchrung gem\u00e4\u03b2 dem finnischen Buchf\u00fchrungsgesetz (Kirjanpito laki, luku 2, \u00a7 10) zehn Jahre gespeichert. Die Informationen werden nach Ablauf der gesetzlich vorgeschriebenen Frist gel\u00f6scht.  <\/p>\n\n\n\n<p>Die \u00fcbrigen Daten speichert der Websitebetreiber der aktuellen Gesetzgebung entsprechend und nur so lange deren Speicherung zu den in der Datenschutzerkl\u00e4rung angegebenen Zwecken notwendig ist. F\u00fcr die genannten Zwecke irrelevante sowie unsachgem\u00e4\u03b2e Daten werden von uns unmittelbar gel\u00f6scht.  <\/p>\n\n\n\n<p><strong>Schutz der Datenregister<\/strong><\/p>\n\n\n\n<p>MANUELLES REGISTER<\/p>\n\n\n\n<p>Das manuelle Register wird an einem abschlie\u03b2baren Ort verwahrt und ist nur dem Webstebetreiber zug\u00e4nglich. <\/p>\n\n\n\n<p>DIGITALE REGISTER<\/p>\n\n\n\n<p>Digitale Register werden sachgem\u00e4\u03b2 in den R\u00e4umlichkeiten des Websitebetreibers an einem abschlie\u03b2baren Ort verwahrt und sind Firewall- und Passwort-gesch\u00fctzt. Zugang zu den Daten hat ausschlie\u03b2lich der Websitebetreiber. Die Website ist SSL-gesch\u00fctzt. Der Websitebetreiber sorgt f\u00fcr regelm\u00e4\u03b2ige Sicherungskopien der Daten und deren sachgem\u00e4\u03b2e Aufbewahrung. Datenbank und Sicherungskopien befinden sich in abschlie\u03b2baren R\u00e4umlichkeiten. <\/p>\n\n\n\n<p>M\u00f6gliche Verst\u00f6\u03b2e gegen das Datenschutzgestz meldet der Websitebetreiber gesetzesgem\u00e4\u03b2 den Beh\u00f6rden und Betroffenen. <\/p>\n\n\n\n<p><strong>Ihre Rechte<\/strong><\/p>\n\n\n\n<p>Als betroffene Person haben Sie folgende Rechte:<\/p>\n\n\n\n<ul class=\"wp-block-list\">\n<li>Sie haben ein Auskunftsrecht bez\u00fcglich der Sie betreffenden personenbezogenen Daten, die der Verantwortliche verarbeitet (Art. 15 DSGVO),<\/li>\n\n\n\n<li>Sie haben das Recht auf Berichtigung der Sie betreffenden Daten, wenn diese unrichtig oder unvollst\u00e4ndig gespeichert werden (Art. 16 DSGVO),<\/li>\n\n\n\n<li>Sie haben das Recht auf L\u00f6schung (Art. 17 DSGVO),<\/li>\n\n\n\n<li>Sie haben das Recht, die Einschr\u00e4nkung der Verarbeitung Ihrer personenbezogenen Daten zu verlangen (Art. 18 DSGVO),<\/li>\n\n\n\n<li>Sie haben das Recht auf Daten\u00fcbertragbarkeit (Art. 20 DSGVO),<\/li>\n\n\n\n<li>Sie haben ein Widerspruchsrecht gegen die Verarbeitung Sie betreffender personenbezogener Daten (Art. 21 DSGVO),<\/li>\n\n\n\n<li>Sie haben das Recht nicht einer ausschlie\u00dflich auf einer automatisierten Verarbeitung \u2013 einschlie\u00dflich Profiling \u2013 beruhenden Entscheidung unterworfen zu werden, die Ihnen gegen\u00fcber rechtliche Wirkung entfaltet oder sie in \u00e4hnlicher Weise erheblich beeintr\u00e4chtigt (Art. 22 DSGVO),<\/li>\n\n\n\n<li>Sie haben das Recht, sich bei einem vermuteten Versto\u00df gegen das Datenschutzrecht bei der zust\u00e4ndigen Aufsichtsbeh\u00f6rde zu beschweren (Art. 77 DSGVO). Zust\u00e4ndig ist die Aufsichtsbeh\u00f6rde an Ihrem \u00fcblichen Aufenthaltsort, Arbeitsplatz oder am Ort des vermuteten Versto\u00dfes.<\/li>\n<\/ul>\n\n\n\n<p><strong>Einsatz von Cookies&nbsp;<\/strong><\/p>\n\n\n\n<p>Beim Besuch der Website k\u00f6nnen Cookies auf Ihrem Ger\u00e4t gespeichert werden. Cookies sind kleine Textdateien, die von dem von Ihnen verwendeten Browser gespeichert werden. Cookies k\u00f6nnen keine Programme ausf\u00fchren und auch keine Viren auf Ihr Ger\u00e4t \u00fcbertragen. Die Stelle, die den Cookie setzt, kann dar\u00fcber jedoch bestimmte Informationen erhalten. Cookies dienen dazu, das Internetangebot benutzerfreundlicher zu machen. Mithilfe von Cookies kann beispielsweise das Ger\u00e4t, mit dem diese Website aufgerufen wurde, bei einem erneuten Aufruf erkannt werden.<\/p>\n\n\n\n<p>Durch die Browsereinstellungen l\u00e4sst sich das Setzen von Cookies einschr\u00e4nken oder verhindern. So kann z. B. nur die Annahme von Cookies, die von Drittanbietern stammen, blockiert werden oder aber auch die Annahme von allen Cookies. Durch das Blockieren sind jedoch m\u00f6glicherweise nicht mehr alle Funktionen dieser Website nutzbar.<br>Weitere Infos finden Sie in unserer <a href=\"https:\/\/www.windland.fi\/de\/cookie-policy\/\">Cookie-Richtlinie<\/a>.<\/p>\n\n\n\n<p class=\"has-text-align-right\">Stand: 25.07.2022<\/p>\n","protected":false},"excerpt":{"rendered":"<p>Grundlegendes Diese Datenschutzerkl\u00e4rung soll die Nutzer dieser Website \u00fcber die Art, den Umfang und den Zweck der Erhebung und Verwendung personenbezogener Daten durch den Websitebetreiber informieren. Der Websitebetreiber nimmt Ihren Datenschutz sehr ernst und behandelt Ihre personenbezogenen Daten vertraulich und entsprechend der gesetzlichen Vorschriften. Da durch neue Technologien und die [&hellip;]<\/p>\n","protected":false},"author":1,"featured_media":0,"parent":50,"menu_order":4,"comment_status":"closed","ping_status":"closed","template":"","meta":{"_coblocks_attr":"","_coblocks_dimensions":"","_coblocks_responsive_height":"","_coblocks_accordion_ie_support":"","footnotes":""},"class_list":["post-60","page","type-page","status-publish","hentry"],"translation":{"provider":"WPGlobus","version":"3.0.2","language":"de","enabled_languages":["fi","en","de"],"languages":{"fi":{"title":true,"content":true,"excerpt":false},"en":{"title":true,"content":false,"excerpt":false},"de":{"title":true,"content":true,"excerpt":false}}},"_links":{"self":[{"href":"https:\/\/www.windland.fi\/de\/wp-json\/wp\/v2\/pages\/60","targetHints":{"allow":["GET"]}}],"collection":[{"href":"https:\/\/www.windland.fi\/de\/wp-json\/wp\/v2\/pages"}],"about":[{"href":"https:\/\/www.windland.fi\/de\/wp-json\/wp\/v2\/types\/page"}],"author":[{"embeddable":true,"href":"https:\/\/www.windland.fi\/de\/wp-json\/wp\/v2\/users\/1"}],"replies":[{"embeddable":true,"href":"https:\/\/www.windland.fi\/de\/wp-json\/wp\/v2\/comments?post=60"}],"version-history":[{"count":0,"href":"https:\/\/www.windland.fi\/de\/wp-json\/wp\/v2\/pages\/60\/revisions"}],"up":[{"embeddable":true,"href":"https:\/\/www.windland.fi\/de\/wp-json\/wp\/v2\/pages\/50"}],"wp:attachment":[{"href":"https:\/\/www.windland.fi\/de\/wp-json\/wp\/v2\/media?parent=60"}],"curies":[{"name":"wp","href":"https:\/\/api.w.org\/{rel}","templated":true}]}}