{"id":64,"date":"2019-05-14T11:21:10","date_gmt":"2019-05-14T10:21:10","guid":{"rendered":"http:\/\/www.windland.fi\/?page_id=64"},"modified":"2024-12-22T18:00:34","modified_gmt":"2024-12-22T16:00:34","slug":"tervetuloa-luontoon","status":"publish","type":"page","link":"https:\/\/www.windland.fi\/de\/","title":{"rendered":""},"content":{"rendered":"\n<h2 class=\"wp-block-heading has-text-align-center\">Herzlich Willkommen bei Windland!<\/h2>\n\n\n\n<p class=\"has-text-align-center\">Unser Unternehmen bietet Besuchern verschiedene Programme und Aktivit\u00e4ten in der Region Oulu.<\/p>\n\n\n\n<p class=\"has-text-align-center\">Unsere Programme reichen von gef\u00fchrten Touren, die Ihnen Einblicke in die Geschichte und den Alltag der Region bieten, \u00fcber Wanderausfl\u00fcge in die Umgebung bis hin zu Entspannungstouren in der puren Natur Finnlands.<\/p>\n\n\n\n<p class=\"has-text-align-center\">Zus\u00e4tzlich bieten wir kompetente deutschsprachige Reiseleitung in Finnland und Skandinavien an.<\/p>\n\n\n\n<p class=\"has-text-align-center\">Alle Programme sind auf Deutsch erh\u00e4ltlich!<\/p>\n\n\n\n<p class=\"has-text-align-center\"><\/p>\n\n\n\n<blockquote class=\"wp-block-quote has-text-align-center is-layout-flow wp-block-quote-is-layout-flow\">\n<p><strong>Hier ist die Luft immer frisch, der Wind weht und der Himmel ist so weit.<\/strong><\/p>\n<cite>Abraham Ojanper\u00e4<\/cite><\/blockquote>\n","protected":false},"excerpt":{"rendered":"<p>Herzlich Willkommen bei Windland! Unser Unternehmen bietet Besuchern verschiedene Programme und Aktivit\u00e4ten in der Region Oulu. Unsere Programme reichen von gef\u00fchrten Touren, die Ihnen Einblicke in die Geschichte und den Alltag der Region bieten, \u00fcber Wanderausfl\u00fcge in die Umgebung bis hin zu Entspannungstouren in der puren Natur Finnlands. Zus\u00e4tzlich bieten [&hellip;]<\/p>\n","protected":false},"author":1,"featured_media":0,"parent":0,"menu_order":0,"comment_status":"closed","ping_status":"closed","template":"","meta":{"_coblocks_attr":"","_coblocks_dimensions":"","_coblocks_responsive_height":"","_coblocks_accordion_ie_support":"","footnotes":""},"class_list":["post-64","page","type-page","status-publish","hentry"],"translation":{"provider":"WPGlobus","version":"3.0.2","language":"de","enabled_languages":["fi","en","de"],"languages":{"fi":{"title":false,"content":true,"excerpt":false},"en":{"title":false,"content":true,"excerpt":false},"de":{"title":false,"content":true,"excerpt":false}}},"_links":{"self":[{"href":"https:\/\/www.windland.fi\/de\/wp-json\/wp\/v2\/pages\/64","targetHints":{"allow":["GET"]}}],"collection":[{"href":"https:\/\/www.windland.fi\/de\/wp-json\/wp\/v2\/pages"}],"about":[{"href":"https:\/\/www.windland.fi\/de\/wp-json\/wp\/v2\/types\/page"}],"author":[{"embeddable":true,"href":"https:\/\/www.windland.fi\/de\/wp-json\/wp\/v2\/users\/1"}],"replies":[{"embeddable":true,"href":"https:\/\/www.windland.fi\/de\/wp-json\/wp\/v2\/comments?post=64"}],"version-history":[{"count":0,"href":"https:\/\/www.windland.fi\/de\/wp-json\/wp\/v2\/pages\/64\/revisions"}],"wp:attachment":[{"href":"https:\/\/www.windland.fi\/de\/wp-json\/wp\/v2\/media?parent=64"}],"curies":[{"name":"wp","href":"https:\/\/api.w.org\/{rel}","templated":true}]}}