{"id":782,"date":"2019-10-07T12:18:14","date_gmt":"2019-10-07T10:18:14","guid":{"rendered":"https:\/\/www.windland.fi\/?page_id=782"},"modified":"2025-04-16T09:53:10","modified_gmt":"2025-04-16T07:53:10","slug":"ala-pelkaa-pimeaa","status":"publish","type":"page","link":"https:\/\/www.windland.fi\/de\/ohjelmapalvelut\/ala-pelkaa-pimeaa\/","title":{"rendered":"Keine Angst vor der Dunkelheit! &#8211; Winterprogramm in Rokua"},"content":{"rendered":"\n<h6 class=\"wp-block-heading\">Begegnen Sie der dunklen Jahreszeit auf neue Art und lassen Sie sich vom finnischen Winter verzaubern! <\/h6>\n\n\n\n<p>Inmitten der beeindruckenden Winterlandschaft des Rokua Geoparks, am Ufer eines Sees, erleben Sie den blauen Moment eines finnischen Winterabends. Hat sich die Dunkelheit gelegt, \u00f6ffnen Entspannungs- und Achtsamkeits\u00fcbungen Ihre Sinne und verankern Sie im Hier und Jetzt. Die stille Natur in ihrem Winterschlaf l\u00e4sst Sie zur Ruhe kommen und sich erholen. <\/p>\n\n\n\n<p>Am prasselnden Feuer k\u00f6nnen Sie sich aufw\u00e4rmen, genie\u00dfen ein heisses Getr\u00e4nk und erfahren einiges \u00fcber die Natur und die Bewohner der Region. <\/p>\n\n\n\n<p><strong>Dauer:<\/strong> 1,5 Std. <\/p>\n\n\n\n<p><strong>Teilnehmer:<\/strong> 4 &#8211; 10 Erwachsene<\/p>\n\n\n\n<p><strong>Preis: <\/strong>85 \u20ac\/Pers., 340 \u20ac\/Gruppe (5 \u2013 10 Pers.)<\/p>\n\n\n\n<p><strong>Leistung:<\/strong> Ortskundiger F\u00fchrer, Heissgetr\u00e4nk am Lagerfeuer, MwSt.<\/p>\n\n\n\n<p><strong>Startpunkt:<\/strong> Rokuan leirikeskus (Rokua, Salmisentie 300)<\/p>\n\n\n\n<p><strong>Zeitraum:<\/strong> Dezember &#8211; Februar (wetterabh\u00e4ngig)<\/p>\n\n\n\n<p><strong>Kategorie:<\/strong> Leicht, nicht barrierefrei <\/p>\n\n\n\n<p><strong>Ausr\u00fcstung:<\/strong> Ausreichend warme, wettergem\u00e4\u03b2e Outdoorbekleidung<\/p>\n\n\n\n<p><strong>Sprachen:<\/strong> Deutsch, Englisch, Finnisch<\/p>\n","protected":false},"excerpt":{"rendered":"<p>Begegnen Sie der dunklen Jahreszeit auf neue Art und lassen Sie sich vom finnischen Winter verzaubern! Inmitten der beeindruckenden Winterlandschaft des Rokua Geoparks, am Ufer eines Sees, erleben Sie den blauen Moment eines finnischen Winterabends. Hat sich die Dunkelheit gelegt, \u00f6ffnen Entspannungs- und Achtsamkeits\u00fcbungen Ihre Sinne und verankern Sie im [&hellip;]<\/p>\n","protected":false},"author":1,"featured_media":1028,"parent":21,"menu_order":4,"comment_status":"closed","ping_status":"closed","template":"","meta":{"_coblocks_attr":"","_coblocks_dimensions":"","_coblocks_responsive_height":"","_coblocks_accordion_ie_support":"","footnotes":""},"class_list":["post-782","page","type-page","status-publish","has-post-thumbnail","hentry"],"translation":{"provider":"WPGlobus","version":"3.0.2","language":"de","enabled_languages":["fi","en","de"],"languages":{"fi":{"title":true,"content":true,"excerpt":false},"en":{"title":true,"content":true,"excerpt":false},"de":{"title":true,"content":true,"excerpt":false}}},"_links":{"self":[{"href":"https:\/\/www.windland.fi\/de\/wp-json\/wp\/v2\/pages\/782","targetHints":{"allow":["GET"]}}],"collection":[{"href":"https:\/\/www.windland.fi\/de\/wp-json\/wp\/v2\/pages"}],"about":[{"href":"https:\/\/www.windland.fi\/de\/wp-json\/wp\/v2\/types\/page"}],"author":[{"embeddable":true,"href":"https:\/\/www.windland.fi\/de\/wp-json\/wp\/v2\/users\/1"}],"replies":[{"embeddable":true,"href":"https:\/\/www.windland.fi\/de\/wp-json\/wp\/v2\/comments?post=782"}],"version-history":[{"count":0,"href":"https:\/\/www.windland.fi\/de\/wp-json\/wp\/v2\/pages\/782\/revisions"}],"up":[{"embeddable":true,"href":"https:\/\/www.windland.fi\/de\/wp-json\/wp\/v2\/pages\/21"}],"wp:featuredmedia":[{"embeddable":true,"href":"https:\/\/www.windland.fi\/de\/wp-json\/wp\/v2\/media\/1028"}],"wp:attachment":[{"href":"https:\/\/www.windland.fi\/de\/wp-json\/wp\/v2\/media?parent=782"}],"curies":[{"name":"wp","href":"https:\/\/api.w.org\/{rel}","templated":true}]}}