{"id":1954,"date":"2022-10-03T10:00:25","date_gmt":"2022-10-03T08:00:25","guid":{"rendered":"https:\/\/www.windland.fi\/?page_id=1954"},"modified":"2024-10-27T20:08:58","modified_gmt":"2024-10-27T18:08:58","slug":"tyrnavan-raitti","status":"publish","type":"page","link":"https:\/\/www.windland.fi\/en\/opaspalvelut\/tyrnava\/tyrnavan-raitti\/","title":{"rendered":"Tyrn\u00e4v\u00e4 in a seed pot"},"content":{"rendered":"\n<p>On the walking tour, we get to know the history and cultural life of Tyrn\u00e4v\u00e4. Magic, ghosts, priests, cheese masters and cultural influencers come alive in local stories. <\/p>\n\n\n\n<p>On the way from Tyrn\u00e4v\u00e4 church to Meijerikatu, we also look at the current way of life, which is still firmly bound to the countryside &#8211; and the rest of the world &#8211; by the potatoes.<\/p>\n\n\n\n<p><strong>Duration:<\/strong>&nbsp;approx. 1,5 hrs.<\/p>\n\n\n\n<p><strong>Participants:<\/strong>&nbsp;min. 2 pax<\/p>\n\n\n\n<p><strong>Starting point:<\/strong>&nbsp;Tyrn\u00e4v\u00e4 church, Tyrn\u00e4v\u00e4, Kirkkotie 2<\/p>\n\n\n\n<p><strong>Available<\/strong>: the whole year <\/p>\n\n\n\n<p><strong>Languages:&nbsp;<\/strong>English, Finnish, German, French, Italian<\/p>\n","protected":false},"excerpt":{"rendered":"<p>On the walking tour, we get to know the history and cultural life of Tyrn\u00e4v\u00e4. Magic, ghosts, priests, cheese masters and cultural influencers come alive in local stories. On the way from Tyrn\u00e4v\u00e4 church to Meijerikatu, we also look at the current way of life, which is still firmly bound [&hellip;]<\/p>\n","protected":false},"author":1,"featured_media":0,"parent":1852,"menu_order":1,"comment_status":"closed","ping_status":"closed","template":"","meta":{"_coblocks_attr":"","_coblocks_dimensions":"","_coblocks_responsive_height":"","_coblocks_accordion_ie_support":"","footnotes":""},"class_list":["post-1954","page","type-page","status-publish","hentry"],"translation":{"provider":"WPGlobus","version":"3.0.2","language":"en","enabled_languages":["fi","en","de"],"languages":{"fi":{"title":true,"content":true,"excerpt":false},"en":{"title":true,"content":true,"excerpt":false},"de":{"title":true,"content":true,"excerpt":false}}},"_links":{"self":[{"href":"https:\/\/www.windland.fi\/en\/wp-json\/wp\/v2\/pages\/1954","targetHints":{"allow":["GET"]}}],"collection":[{"href":"https:\/\/www.windland.fi\/en\/wp-json\/wp\/v2\/pages"}],"about":[{"href":"https:\/\/www.windland.fi\/en\/wp-json\/wp\/v2\/types\/page"}],"author":[{"embeddable":true,"href":"https:\/\/www.windland.fi\/en\/wp-json\/wp\/v2\/users\/1"}],"replies":[{"embeddable":true,"href":"https:\/\/www.windland.fi\/en\/wp-json\/wp\/v2\/comments?post=1954"}],"version-history":[{"count":0,"href":"https:\/\/www.windland.fi\/en\/wp-json\/wp\/v2\/pages\/1954\/revisions"}],"up":[{"embeddable":true,"href":"https:\/\/www.windland.fi\/en\/wp-json\/wp\/v2\/pages\/1852"}],"wp:attachment":[{"href":"https:\/\/www.windland.fi\/en\/wp-json\/wp\/v2\/media?parent=1954"}],"curies":[{"name":"wp","href":"https:\/\/api.w.org\/{rel}","templated":true}]}}