{"id":50,"date":"2019-05-15T13:06:37","date_gmt":"2019-05-15T11:06:37","guid":{"rendered":"http:\/\/www.windland.fi\/?page_id=50"},"modified":"2025-06-09T06:33:29","modified_gmt":"2025-06-09T04:33:29","slug":"yritys","status":"publish","type":"page","link":"https:\/\/www.windland.fi\/en\/yritys\/","title":{"rendered":"About me"},"content":{"rendered":"\n<h5 class=\"wp-block-heading\">Yritys<\/h5>\n\n\n\n<p>Windland on pieni, perhe- ja luontoyst\u00e4v\u00e4llinen, vuonna 2018 perustettu liminkalainen yritys, joka tarjoaa opaspalveluja ja erityyppisi\u00e4 ohjelmapalveluja Oulun seudulla, Limingassa, Hailuodossa ja Rokualla. Yrityksen toiminta perustuu luontol\u00e4heisyyteen ja -l\u00e4ht\u00f6isyyteen, luonnonsuojeluun sek\u00e4 kest\u00e4v\u00e4n kehityksen periaatteisiin.<\/p>\n\n\n\n<p>Lis\u00e4ksi tarjotaan laadukkaita k\u00e4\u00e4nn\u00f6ksia saksaksi matkailu- ja luontoalan yrityksille.<\/p>\n\n\n\n<p>Windland on savuton yritys.<\/p>\n\n\n\n<figure class=\"wp-block-gallery has-nested-images columns-4 is-cropped wp-block-gallery-1 is-layout-flex wp-block-gallery-is-layout-flex\">\n<figure class=\"wp-block-image\"><img loading=\"lazy\" decoding=\"async\" width=\"768\" height=\"1024\" data-id=\"1044\" src=\"https:\/\/www.windland.fi\/wp-content\/uploads\/2020\/01\/IMG_20190505_181723-768x1024.jpg\" alt=\"\" class=\"wp-image-1044\" srcset=\"https:\/\/www.windland.fi\/wp-content\/uploads\/2020\/01\/IMG_20190505_181723-768x1024.jpg 768w, https:\/\/www.windland.fi\/wp-content\/uploads\/2020\/01\/IMG_20190505_181723-225x300.jpg 225w, https:\/\/www.windland.fi\/wp-content\/uploads\/2020\/01\/IMG_20190505_181723.jpg 780w\" sizes=\"auto, (max-width: 768px) 100vw, 768px\" \/><figcaption class=\"wp-element-caption\">Kev\u00e4t Rantakyl\u00e4ss\u00e4, Liminka<\/figcaption><\/figure>\n\n\n\n<figure class=\"wp-block-image\"><img loading=\"lazy\" decoding=\"async\" width=\"1024\" height=\"645\" data-id=\"1042\" src=\"https:\/\/www.windland.fi\/wp-content\/uploads\/2020\/01\/IMG_20180530_164733-1024x645.jpg\" alt=\"\" class=\"wp-image-1042\" srcset=\"https:\/\/www.windland.fi\/wp-content\/uploads\/2020\/01\/IMG_20180530_164733-1024x645.jpg 1024w, https:\/\/www.windland.fi\/wp-content\/uploads\/2020\/01\/IMG_20180530_164733-300x189.jpg 300w, https:\/\/www.windland.fi\/wp-content\/uploads\/2020\/01\/IMG_20180530_164733-768x483.jpg 768w, https:\/\/www.windland.fi\/wp-content\/uploads\/2020\/01\/IMG_20180530_164733-1536x967.jpg 1536w, https:\/\/www.windland.fi\/wp-content\/uploads\/2020\/01\/IMG_20180530_164733-2048x1289.jpg 2048w\" sizes=\"auto, (max-width: 1024px) 100vw, 1024px\" \/><figcaption class=\"wp-element-caption\">Rokua<\/figcaption><\/figure>\n\n\n\n<figure class=\"wp-block-image\"><img loading=\"lazy\" decoding=\"async\" width=\"589\" height=\"676\" data-id=\"1049\" src=\"https:\/\/www.windland.fi\/wp-content\/uploads\/2020\/01\/IMG_20180901_1245561.jpg\" alt=\"\" class=\"wp-image-1049\" srcset=\"https:\/\/www.windland.fi\/wp-content\/uploads\/2020\/01\/IMG_20180901_1245561.jpg 589w, https:\/\/www.windland.fi\/wp-content\/uploads\/2020\/01\/IMG_20180901_1245561-261x300.jpg 261w\" sizes=\"auto, (max-width: 589px) 100vw, 589px\" \/><figcaption class=\"wp-element-caption\">Tunteidem aarrejahti<\/figcaption><\/figure>\n\n\n\n<figure class=\"wp-block-image\"><img loading=\"lazy\" decoding=\"async\" width=\"1024\" height=\"847\" data-id=\"362\" src=\"https:\/\/www.windland.fi\/wp-content\/uploads\/2019\/07\/IMG_20190624_130049-1024x847.jpg\" alt=\"\" class=\"wp-image-362\" srcset=\"https:\/\/www.windland.fi\/wp-content\/uploads\/2019\/07\/IMG_20190624_130049-1024x847.jpg 1024w, https:\/\/www.windland.fi\/wp-content\/uploads\/2019\/07\/IMG_20190624_130049-300x248.jpg 300w, https:\/\/www.windland.fi\/wp-content\/uploads\/2019\/07\/IMG_20190624_130049-768x636.jpg 768w\" sizes=\"auto, (max-width: 1024px) 100vw, 1024px\" \/><figcaption class=\"wp-element-caption\">Seikkailup\u00e4iv\u00e4 Limingassa<\/figcaption><\/figure>\n<\/figure>\n\n\n\n<div style=\"height:50px\" aria-hidden=\"true\" class=\"wp-block-spacer\"><\/div>\n\n\n\n<h5 class=\"wp-block-heading\">Yritt\u00e4j\u00e4: Christiane<\/h5>\n\n\n\n<p>Olen kotoisin pienest\u00e4 vuoristosta nimelt\u00e4\u00e4n Rh\u00f6n, joka sijaitsee keskell\u00e4 Saksaa. 2009 muutimme perheen kanssa Suomeen, suoraan Limingan lakeuteen.<\/p>\n\n\n\n<p>Olin tottunut el\u00e4m\u00e4\u00e4n keskell\u00e4 vuoria Saksassa ja kesti v\u00e4h\u00e4n aikaa kotiutua Limingan lakeuteen, mutta nyt osaan arvostaa t\u00e4t\u00e4 merest\u00e4 nousevaa maata suuresti. Limingan vanha historia, tarinoita pit\u00e4j\u00e4st\u00e4 ja sen asukkaista ja Limingan &#8216;salaisia&#8217; paikkoja yll\u00e4tt\u00e4\u00e4 minut aina uudestaan. Limingasta l\u00f6ytyy enemm\u00e4n kuin tasaista maisemaa!<\/p>\n\n\n\n<p>Suomen luonto auttaa minua rauhoittumaan. Viihdyn Limingan lakeudella, Rokuan m\u00e4nnik\u00f6iss\u00e4, Hailuodon perinnemaisemassa sek\u00e4 Lapin tuntureilla. Parhaita hetki\u00e4 koen, kun ry\u00f6min varhaisena aamuna teltasta ja hypp\u00e4\u00e4n kylm\u00e4\u00e4n j\u00e4rviveteen.<\/p>\n\n\n\n<p>Koulutukseltani olen slaavilaisten kielten ja taidehistorian maisteri ja urani on saanut alkunsa Bochumin yliopistossa. Suomessa minusta tuli l\u00e4hihoitaja \/ lastenhoitaja. P\u00e4iv\u00e4kodin ty\u00f6paikassani olen saanut runsaasti kokemusta lasten kanssa ty\u00f6skentelemisest\u00e4 yli kuuden vuoden ajan. Viimeisen\u00e4 muttei v\u00e4h\u00e4isimp\u00e4n\u00e4 olen suorittanut luonto-ohjaajan ammattitutkinnon ja perustanut Windland -yritykseni.<\/p>\n\n\n\n<p>Windlandin toiminnan kautta pystyn vihdoin yhdist\u00e4m\u00e4\u00e4n koko minun osaamiseni, kokemukseni ja kiinnostukseni ja toivon saavan muut ihmisetkin innostumaan luonnosta.<\/p>\n\n\n\n<figure class=\"wp-block-gallery has-nested-images columns-default is-cropped wp-block-gallery-2 is-layout-flex wp-block-gallery-is-layout-flex\">\n<figure class=\"wp-block-image size-large\"><img loading=\"lazy\" decoding=\"async\" width=\"1024\" height=\"736\" data-id=\"984\" src=\"https:\/\/www.windland.fi\/wp-content\/uploads\/2020\/01\/IMG_20180718_154445-1024x736.jpg\" alt=\"\" class=\"wp-image-984\" srcset=\"https:\/\/www.windland.fi\/wp-content\/uploads\/2020\/01\/IMG_20180718_154445-1024x736.jpg 1024w, https:\/\/www.windland.fi\/wp-content\/uploads\/2020\/01\/IMG_20180718_154445-300x216.jpg 300w, https:\/\/www.windland.fi\/wp-content\/uploads\/2020\/01\/IMG_20180718_154445-768x552.jpg 768w, https:\/\/www.windland.fi\/wp-content\/uploads\/2020\/01\/IMG_20180718_154445-1536x1104.jpg 1536w, https:\/\/www.windland.fi\/wp-content\/uploads\/2020\/01\/IMG_20180718_154445-2048x1472.jpg 2048w\" sizes=\"auto, (max-width: 1024px) 100vw, 1024px\" \/><figcaption class=\"wp-element-caption\">Christiane<\/figcaption><\/figure>\n\n\n\n<figure class=\"wp-block-image size-large\"><img loading=\"lazy\" decoding=\"async\" width=\"577\" height=\"1024\" data-id=\"979\" src=\"https:\/\/www.windland.fi\/wp-content\/uploads\/2020\/01\/WP_20160710_002-577x1024.jpg\" alt=\"\" class=\"wp-image-979\" srcset=\"https:\/\/www.windland.fi\/wp-content\/uploads\/2020\/01\/WP_20160710_002-577x1024.jpg 577w, https:\/\/www.windland.fi\/wp-content\/uploads\/2020\/01\/WP_20160710_002-169x300.jpg 169w, https:\/\/www.windland.fi\/wp-content\/uploads\/2020\/01\/WP_20160710_002-768x1364.jpg 768w, https:\/\/www.windland.fi\/wp-content\/uploads\/2020\/01\/WP_20160710_002-865x1536.jpg 865w, https:\/\/www.windland.fi\/wp-content\/uploads\/2020\/01\/WP_20160710_002-1153x2048.jpg 1153w, https:\/\/www.windland.fi\/wp-content\/uploads\/2020\/01\/WP_20160710_002-scaled.jpg 1441w\" sizes=\"auto, (max-width: 577px) 100vw, 577px\" \/><figcaption class=\"wp-element-caption\">Rh\u00f6n &#8211; lapsuuden vanha kaveri<\/figcaption><\/figure>\n\n\n\n<figure class=\"wp-block-image size-large\"><img loading=\"lazy\" decoding=\"async\" width=\"1024\" height=\"768\" data-id=\"985\" src=\"https:\/\/www.windland.fi\/wp-content\/uploads\/2020\/01\/IMG_20180315_180637-1024x768.jpg\" alt=\"\" class=\"wp-image-985\" srcset=\"https:\/\/www.windland.fi\/wp-content\/uploads\/2020\/01\/IMG_20180315_180637-1024x768.jpg 1024w, https:\/\/www.windland.fi\/wp-content\/uploads\/2020\/01\/IMG_20180315_180637-300x225.jpg 300w, https:\/\/www.windland.fi\/wp-content\/uploads\/2020\/01\/IMG_20180315_180637-768x576.jpg 768w, https:\/\/www.windland.fi\/wp-content\/uploads\/2020\/01\/IMG_20180315_180637-1536x1152.jpg 1536w, https:\/\/www.windland.fi\/wp-content\/uploads\/2020\/01\/IMG_20180315_180637-2048x1536.jpg 2048w\" sizes=\"auto, (max-width: 1024px) 100vw, 1024px\" \/><figcaption class=\"wp-element-caption\">Lakeuden talvi<\/figcaption><\/figure>\n<\/figure>\n\n\n\n<div style=\"height:100px\" aria-hidden=\"true\" class=\"wp-block-spacer\"><\/div>\n","protected":false},"excerpt":{"rendered":"<p>Yritys Windland on pieni, perhe- ja luontoyst\u00e4v\u00e4llinen, vuonna 2018 perustettu liminkalainen yritys, joka tarjoaa opaspalveluja ja erityyppisi\u00e4 ohjelmapalveluja Oulun seudulla, Limingassa, Hailuodossa ja Rokualla. Yrityksen toiminta perustuu luontol\u00e4heisyyteen ja -l\u00e4ht\u00f6isyyteen, luonnonsuojeluun sek\u00e4 kest\u00e4v\u00e4n kehityksen periaatteisiin. Lis\u00e4ksi tarjotaan laadukkaita k\u00e4\u00e4nn\u00f6ksia saksaksi matkailu- ja luontoalan yrityksille. Windland on savuton yritys. Yritt\u00e4j\u00e4: Christiane [&hellip;]<\/p>\n","protected":false},"author":1,"featured_media":5,"parent":0,"menu_order":600,"comment_status":"closed","ping_status":"closed","template":"","meta":{"_coblocks_attr":"","_coblocks_dimensions":"","_coblocks_responsive_height":"","_coblocks_accordion_ie_support":"","footnotes":""},"class_list":["post-50","page","type-page","status-publish","has-post-thumbnail","hentry"],"translation":{"provider":"WPGlobus","version":"3.0.2","language":"en","enabled_languages":["fi","en","de"],"languages":{"fi":{"title":true,"content":true,"excerpt":false},"en":{"title":true,"content":false,"excerpt":false},"de":{"title":true,"content":true,"excerpt":false}}},"_links":{"self":[{"href":"https:\/\/www.windland.fi\/en\/wp-json\/wp\/v2\/pages\/50","targetHints":{"allow":["GET"]}}],"collection":[{"href":"https:\/\/www.windland.fi\/en\/wp-json\/wp\/v2\/pages"}],"about":[{"href":"https:\/\/www.windland.fi\/en\/wp-json\/wp\/v2\/types\/page"}],"author":[{"embeddable":true,"href":"https:\/\/www.windland.fi\/en\/wp-json\/wp\/v2\/users\/1"}],"replies":[{"embeddable":true,"href":"https:\/\/www.windland.fi\/en\/wp-json\/wp\/v2\/comments?post=50"}],"version-history":[{"count":0,"href":"https:\/\/www.windland.fi\/en\/wp-json\/wp\/v2\/pages\/50\/revisions"}],"wp:featuredmedia":[{"embeddable":true,"href":"https:\/\/www.windland.fi\/en\/wp-json\/wp\/v2\/media\/5"}],"wp:attachment":[{"href":"https:\/\/www.windland.fi\/en\/wp-json\/wp\/v2\/media?parent=50"}],"curies":[{"name":"wp","href":"https:\/\/api.w.org\/{rel}","templated":true}]}}