{"id":58,"date":"2019-05-15T13:05:55","date_gmt":"2019-05-15T11:05:55","guid":{"rendered":"http:\/\/www.windland.fi\/?page_id=58"},"modified":"2024-10-27T20:25:54","modified_gmt":"2024-10-27T18:25:54","slug":"toimintaperiaatteet-ja-arvot","status":"publish","type":"page","link":"https:\/\/www.windland.fi\/en\/yritys\/toimintaperiaatteet-ja-arvot\/","title":{"rendered":"Principles and values of our services"},"content":{"rendered":"\n<h5 class=\"wp-block-heading\">Turvallisuus ja kest\u00e4v\u00e4 kehitys<\/h5>\n\n\n\n<ul class=\"wp-block-list\">\n<li><strong>Turvalllisuus<\/strong>: Asiakkaiden turvallisuus on kaikkien toimintojen l\u00e4ht\u00f6kohta.  <\/li>\n\n\n\n<li><strong>Kest\u00e4v\u00e4 kehitys ja vastuullisuus<\/strong>: Yritys ottaa kaikessa toimintojen tuottamisen vaiheissa huomioon vaikutuksen luontoymp\u00e4rist\u00f6\u00f6n sek\u00e4 maapalloon. Toimintaperiaatteemme on &#8216;v\u00e4hemm\u00e4n on enemm\u00e4n&#8217;. Toiminnoissa esim. v\u00e4ltet\u00e4\u00e4n roskaa k\u00e4ytt\u00e4m\u00e4ll\u00e4 kestoastioita. Mik\u00e4li roska syntyy, toimimme periaatteen &#8216;mit\u00e4 tuon, sit\u00e4 vien&#8217; mukaan. Lajitelaan ja kierrett\u00e4\u00e4n roskat. Metsiss\u00e4 k\u00e4ytet\u00e4\u00e4n ennen kaikkea olemassa olevia polkuja ja taukopaikkoja. Elintarvikkeet valitaan kest\u00e4v\u00e4ll\u00e4 tavalla eli suositaan luomu- ja l\u00e4hiruokia sek\u00e4 Reilun kaupaan tuotteita. <\/li>\n\n\n\n<li><strong>Paikallisuus<\/strong>: Yritys k\u00e4ytt\u00e4\u00e4 l\u00e4hialueiden mahdollisuuksia ja tekee yhteisty\u00f6t\u00e4 paikallisten tuottajien ja yritt\u00e4jien kanssa. <\/li>\n\n\n\n<li><strong>Luontosuhde<\/strong>: Ihminen on osa luontoa ja toiminnoissa pyrit\u00e4\u00e4n vahvistamaan alkuper\u00e4ist\u00e4 luontosuhdetta luontoel\u00e4myksiin pohjautuvuilla palvleuilla.<\/li>\n\n\n\n<li><strong>Ammattimaisuus<\/strong> ja <strong>laatu<\/strong> ovat toimintojen perusta. <\/li>\n<\/ul>\n","protected":false},"excerpt":{"rendered":"<p>Turvallisuus ja kest\u00e4v\u00e4 kehitys<\/p>\n","protected":false},"author":1,"featured_media":0,"parent":50,"menu_order":3,"comment_status":"closed","ping_status":"closed","template":"","meta":{"_coblocks_attr":"","_coblocks_dimensions":"","_coblocks_responsive_height":"","_coblocks_accordion_ie_support":"","footnotes":""},"class_list":["post-58","page","type-page","status-publish","hentry"],"translation":{"provider":"WPGlobus","version":"3.0.2","language":"en","enabled_languages":["fi","en","de"],"languages":{"fi":{"title":true,"content":true,"excerpt":false},"en":{"title":true,"content":false,"excerpt":false},"de":{"title":true,"content":true,"excerpt":false}}},"_links":{"self":[{"href":"https:\/\/www.windland.fi\/en\/wp-json\/wp\/v2\/pages\/58","targetHints":{"allow":["GET"]}}],"collection":[{"href":"https:\/\/www.windland.fi\/en\/wp-json\/wp\/v2\/pages"}],"about":[{"href":"https:\/\/www.windland.fi\/en\/wp-json\/wp\/v2\/types\/page"}],"author":[{"embeddable":true,"href":"https:\/\/www.windland.fi\/en\/wp-json\/wp\/v2\/users\/1"}],"replies":[{"embeddable":true,"href":"https:\/\/www.windland.fi\/en\/wp-json\/wp\/v2\/comments?post=58"}],"version-history":[{"count":0,"href":"https:\/\/www.windland.fi\/en\/wp-json\/wp\/v2\/pages\/58\/revisions"}],"up":[{"embeddable":true,"href":"https:\/\/www.windland.fi\/en\/wp-json\/wp\/v2\/pages\/50"}],"wp:attachment":[{"href":"https:\/\/www.windland.fi\/en\/wp-json\/wp\/v2\/media?parent=58"}],"curies":[{"name":"wp","href":"https:\/\/api.w.org\/{rel}","templated":true}]}}