{"id":60,"date":"2019-05-15T13:05:33","date_gmt":"2019-05-15T11:05:33","guid":{"rendered":"http:\/\/www.windland.fi\/?page_id=60"},"modified":"2024-10-27T20:26:04","modified_gmt":"2024-10-27T18:26:04","slug":"tietosuojaseloste","status":"publish","type":"page","link":"https:\/\/www.windland.fi\/en\/yritys\/tietosuojaseloste\/","title":{"rendered":"Terms of Privacy"},"content":{"rendered":"\n<p><strong>1. Rekisterinpit\u00e4j\u00e4<\/strong><\/p>\n\n\n\n<p>Windland \u2013 Ohjelmapalvelut luonnossa,<\/p>\n\n\n\n<p>Y-tunnus 2923709-5<\/p>\n\n\n\n<p>Yhteystiedot: Ruiskuja 4, 91910 Tupos<\/p>\n\n\n\n<p><strong>2. Rekisterist\u00e4 vastaava yhteyshenkil\u00f6<\/strong><\/p>\n\n\n\n<p>Christiane Klebl<\/p>\n\n\n\n<p>Ruiskuja 4<\/p>\n\n\n\n<p>91910 Tupos<\/p>\n\n\n\n<p>Puhelin: +358 46 5819 257<\/p>\n\n\n\n<p>S\u00e4hk\u00f6posti: christiane@windland.fi<\/p>\n\n\n\n<p><strong>3. Rekister\u00f6idyt<\/strong><\/p>\n\n\n\n<p>Windland k\u00e4sittelee asiakas- ja markkinointirekisteriss\u00e4 asiakkaiden ja potentiaalisten asiakkaiden ja n\u00e4iden edustajien henkil\u00f6tietoja.<\/p>\n\n\n\n<p><strong>4. Henkil\u00f6tietojen oikeusperuste ja k\u00e4sittelyn tarkoitus<\/strong><\/p>\n\n\n\n<p>Henkil\u00f6tietojen k\u00e4sittely perustuu asiakkuuteen, sopimussuhteeseen, rekister\u00f6idyn nimenomaiseen suostumukseen tai muuhun oikeutettuun perusteeseen. Henkil\u00f6tietoja voidaan k\u00e4sitell\u00e4 sopimusvelvoitteiden t\u00e4ytt\u00e4miseen sek\u00e4 muuhun yhteydenpitoon rekister\u00f6idyn kanssa, markkinointiviestinn\u00e4ss\u00e4, liiketoiminnan suunnittelussa, tuotekehityksess\u00e4, utiskirjeiden l\u00e4hett\u00e4misess\u00e4 ja tiedottamisessa, verkkosivuston k\u00e4ytt\u00e4j\u00e4kokemuksen parantamisessa, palveluita koskevaan personoituun asiakaspalveluun ja mainonnan kohdentamiseen sek\u00e4 markkina- ja muiden tutkimusten ja analyysien tekemiseen.<\/p>\n\n\n\n<p>Henkil\u00f6tietoja k\u00e4sitell\u00e4\u00e4n vain ennalta m\u00e4\u00e4riteltyihin tarkoituksiin. Henkil\u00f6tietojen k\u00e4sittelyn tarkoitus on yhteydenpito asiakkaisiin, asiakassuhteen yll\u00e4pito ja markkinointirekisterin tietoja palveluistamme kertominen.<\/p>\n\n\n\n<p><strong>5. Rekisterin tietosis\u00e4lt\u00f6<\/strong><\/p>\n\n\n\n<p>Rekister\u00f6idyst\u00e4 voidaan tallentaa:<\/p>\n\n\n\n<ul class=\"wp-block-list\">\n<li>henkil\u00f6kohtaiset tiedot, kuten nimi, posti- ja s\u00e4hk\u00f6postiosoite, puhelinnumero, syntym\u00e4aika ja muut yhteystiedot<\/li>\n\n\n\n<li>asiointi- ja k\u00e4ytt\u00f6tiedot, kuten y-tunnukset, maksutiedot ja maksutavat, www-sivustojen osoitteet, tunnukset\/profiilit sosiaalisen median palveluissa, asema organisaatiossa, asiakaspalaute, luvat, suostumukset ja kiellot sek\u00e4 muut asiakassuhteeseen ja tilattuihin palveluihin liittyv\u00e4t tiedot.<\/li>\n\n\n\n<li>muut henkil\u00f6tiedot ja valokuvat, jotka rekister\u00f6ity antaa suostumukseltaan.<\/li>\n<\/ul>\n\n\n\n<p>Teknisesti ker\u00e4ttyj\u00e4 tietoja verkkopalvelun k\u00e4yt\u00f6st\u00e4 voivat olla: <\/p>\n\n\n\n<ul class=\"wp-block-list\">\n<li>IP-osoite, sijantimaa tai &#8211; kaupunki<\/li>\n\n\n\n<li>verkkopalvelujen k\u00e4ytt\u00f6 ja ajankohta<\/li>\n\n\n\n<li>k\u00e4ytetyn laiteen tiedot, k\u00e4ytt\u00f6j\u00e4rjestelm\u00e4n tyyppi ja ohjelmistoversiot, selaimen tyyppi ja kieliasetukset<\/li>\n\n\n\n<li>asiakaspalvelun vuorovaikutus eri palvelukanavissa<\/li>\n\n\n\n<li>ulkoiset sivustot, joista k\u00e4ytt\u00e4j\u00e4 on saapunut tai joihon k\u00e4ytt\u00e4j\u00e4 siirtyy rekisterinpit\u00e4j\u00e4n verkkopalvelusta.<\/li>\n<\/ul>\n\n\n\n<p>Rekisterinpit\u00e4j\u00e4 voi verkkosivustollaan ker\u00e4t\u00e4 palveluiden k\u00e4yt\u00f6st\u00e4 tietoa ev\u00e4steill\u00e4, Cookies. <br>Lis\u00e4tietoja ev\u00e4steist\u00e4 l\u00f6ytyy t\u00e4\u00e4lt\u00e4: <a href=\"https:\/\/www.windland.fi\/cookie-policy\/\">cookie-policy<\/a>.<\/p>\n\n\n\n<p><strong>6. Henkil\u00f6tietojen s\u00e4ilytysaika<\/strong><\/p>\n\n\n\n<p>Markkinointirekisteriss\u00e4 tietoja s\u00e4ilytet\u00e4\u00e4n toistaiseksi.<\/p>\n\n\n\n<p>Maksutietoja k\u00e4sitell\u00e4\u00e4n kirjanpitoaineiston yhteydess\u00e4 ja ne s\u00e4ilytet\u00e4\u00e4n kirjanpitolain (luku 2, \u00a7 10) edellytt\u00e4m\u00e4n ajan (10 vuotta). Tiedot poistetaan, kun niiden edell\u00e4 m\u00e4\u00e4ritelty s\u00e4ilytysaika on kulunut.<\/p>\n\n\n\n<p>Rekisterinpit\u00e4j\u00e4 s\u00e4ilytt\u00e4\u00e4 muita rekister\u00f6ityj\u00e4 henkil\u00f6tietoja kulloinkin voimassaolevan lains\u00e4\u00e4d\u00e4nn\u00f6n mukaisesti ja vain niin kauan, kuin niiden s\u00e4ilytt\u00e4minen on tarpeen t\u00e4ss\u00e4 tietosuojaselosteessa kuvattujen tarkoitusten toteuttamiseksi.<\/p>\n\n\n\n<p>Tietoja voidaan s\u00e4ilytt\u00e4\u00e4 pakottavan lains\u00e4\u00e4d\u00e4nn\u00f6n takia kyseisen lain s\u00e4\u00e4nn\u00f6sten mukaisesti my\u00f6s asiakassuhteen tai muun henkil\u00f6tietojen k\u00e4sittelyperusteen p\u00e4\u00e4ttymisen j\u00e4lkeen.<\/p>\n\n\n\n<p>Tiedot poistetaan, kun niiden edell\u00e4 m\u00e4\u00e4ritelty s\u00e4ilytysaika on kulunut.<\/p>\n\n\n\n<p><strong>7. S\u00e4\u00e4nn\u00f6nmukaiset tietol\u00e4hteet<\/strong><\/p>\n\n\n\n<p>Rekisteriin tallettavat tiedot saadaan rekister\u00f6idylt\u00e4 itselt\u00e4\u00e4n, teknisesti rekister\u00f6idyn verkko- ja s\u00e4hk\u00f6isten palvelujen k\u00e4yt\u00f6st\u00e4,  kolmansien tahojen tarjoamista analyysipalveluista,  julkisista tietol\u00e4hteist\u00e4 tai julkisten yhteistietojen palvelutarjoajilta.<\/p>\n\n\n\n<p><strong>8. S\u00e4\u00e4nn\u00f6nmukaiset tietojen luovutukset<\/strong><\/p>\n\n\n\n<p>Henkil\u00f6tietoja ei s\u00e4\u00e4nn\u00f6nmukaisesti luovuteta ulkopuoliselle. Luovuttaminen on kuitenkin mahdollista perusteltua k\u00e4ytt\u00f6tarkoitusta varten.<\/p>\n\n\n\n<p><strong>9. Henkil\u00f6tietojen k\u00e4sittelij\u00e4t<\/strong><\/p>\n\n\n\n<p>Henkil\u00f6tietoja k\u00e4sittelee p\u00e4\u00e4asiassa rekisterinpit\u00e4j\u00e4. Voimme my\u00f6s ulkoistaa henkil\u00f6tietojen k\u00e4sittelyn osittain kolmannelle osapuolelle, jolloin takaamme sopimusj\u00e4rjestelyin, ett\u00e4 henkil\u00f6tietoja k\u00e4sitell\u00e4\u00e4n voimassa olevan tietosuojalains\u00e4\u00e4d\u00e4nn\u00f6n mukaisesti ja muutoin asianmukaisesti.<\/p>\n\n\n\n<p>Olemme varmistaneet, ett\u00e4 kaikki palvelutarjoajamme noudattavat tietosuojalains\u00e4\u00e4d\u00e4nt\u00f6\u00e4. K\u00e4yt\u00e4mme s\u00e4\u00e4nn\u00f6nmukaisesti seuraavia palvelutarjoajia: webhotelli ja s\u00e4hk\u00f6postipalvelu Louhi ja laskutuspalvelu Pivo Wallet Oy.<\/p>\n\n\n\n<p><strong>10. Rekisterin suojauksen periaatteet<\/strong><\/p>\n\n\n\n<p>MANUAALINEN AINEISTO<\/p>\n\n\n\n<p>Manuaalinen aineisto s\u00e4ilytet\u00e4\u00e4n lukitussa tilassa.<\/p>\n\n\n\n<p>S\u00c4HK\u00d6INEN AINEISTO<\/p>\n\n\n\n<p>Rekisterit ovat asianmukaisesti suojattuina rekisteripit\u00e4j\u00e4n tiloissa tai asianmukaisesti suojatulla palvelimella ja palvelussa. Henkil\u00f6tietoja sis\u00e4lt\u00e4v\u00e4n j\u00e4rjestelm\u00e4n k\u00e4ytt\u00f6\u00f6n on oikeutettu vain rekisteripit\u00e4j\u00e4. Vain rekisterinpit\u00e4j\u00e4ll\u00e4 on k\u00e4ytt\u00e4j\u00e4tunnus ja salasana j\u00e4rjestelm\u00e4\u00e4n. Tiedot ker\u00e4t\u00e4\u00e4n tietokantoihin, jotka ovat palomuurein, salasanoin ja muilla teknisill\u00e4 keinoilla suojattuja. Luottamuksellisten tietojen, kuten luottokortti- ja pankkitietojen ker\u00e4\u00e4misess\u00e4 ja siirt\u00e4misess\u00e4 k\u00e4ytet\u00e4\u00e4n SSL-salattua yhteytt\u00e4. Rekisteritietojen s\u00e4\u00e4nn\u00f6llisest\u00e4 varmuuskopioinnista huolehditaan sek\u00e4 tietojen palauttamismahdollisuus varmistetaan. Tietokannat ja niiden varmuuskopiot sijaitsevat lukituissa tiloissa.<\/p>\n\n\n\n<p>Rekisterinpit\u00e4j\u00e4 arvioi s\u00e4ilytt\u00e4misen tarpeellisuutta s\u00e4\u00e4nn\u00f6llisesti sovellettava lains\u00e4\u00e4d\u00e4nt\u00f6 huomioon ottaen. T\u00e4m\u00e4n lis\u00e4ksi rekisterinpit\u00e4j\u00e4 huolehtii sellaisista kohtuullisista toimenpiteist\u00e4, joilla varmistetaan, ettei rekister\u00f6idyist\u00e4 s\u00e4ilytet\u00e4 rekisteriss\u00e4 k\u00e4sittelyn tarkoituksiin n\u00e4hden yhteensopimattomia, vanhentuneita tai virheellisi\u00e4 henkil\u00f6tietoja. Rekisterinpit\u00e4j\u00e4 oikaisee tai h\u00e4vitt\u00e4\u00e4 t\u00e4llaiset tiedot viipym\u00e4tt\u00e4.<\/p>\n\n\n\n<p>Rekisterinpit\u00e4j\u00e4 ilmoittaa mahdollisista tietoturvaloukkauksista suoraan viranomaisille tai k\u00e4ytt\u00e4j\u00e4lle soveltuvan lains\u00e4\u00e4d\u00e4nn\u00f6n mukaisesti.<\/p>\n\n\n\n<p><strong>11. Rekister\u00f6idyn oikeudet<\/strong><\/p>\n\n\n\n<p>Rekister\u00f6idyll\u00e4 on seuraavat oikeudet. joiden k\u00e4ytt\u00e4mist\u00e4 koskevat pyynn\u00f6t osoitetaan rekisterinpit\u00e4j\u00e4n yhteyshenkil\u00f6lle yll\u00e4 olevilla yhteystiedoilla ja rekister\u00f6idyn allekirjoituksella varustettuna kirjallisesti tai s\u00e4hk\u00f6isesti.<\/p>\n\n\n\n<p><strong>Tarkastusoikeus<\/strong><\/p>\n\n\n\n<p>Rekister\u00f6idyll\u00e4 on oikeus tarkastaa itse\u00e4si koskevat henkil\u00f6rekisteriin tallennetut tiedot.<\/p>\n\n\n\n<p><strong>Oikeus tietojen oikaisemiseen<\/strong><\/p>\n\n\n\n<p>Rekister\u00f6idyll\u00e4 on oikeus vaatia virheellisen tiedon oikaisua tai poistamista, mik\u00e4li sille on lailliset perusteet.<\/p>\n\n\n\n<p><strong>Vastustamisoikeus<\/strong><\/p>\n\n\n\n<p>Rekister\u00f6idyll\u00e4 on oikeus vastustaa henkil\u00f6tietojen k\u00e4sittely\u00e4, mik\u00e4li kokee, ett\u00e4 henkil\u00f6tietoja on k\u00e4sitelty lainvastaisesti.<\/p>\n\n\n\n<p><strong>Suoramarkkinointikielto<\/strong><\/p>\n\n\n\n<p>Rekister\u00f6idyll\u00e4 on oikeus kielt\u00e4\u00e4 tietojen k\u00e4ytt\u00e4minen suoramarkkinointiin.<\/p>\n\n\n\n<p><strong>Poisto-oikeus<\/strong><\/p>\n\n\n\n<p>Rekister\u00f6idyll\u00e4 on oikeus pyyt\u00e4\u00e4 tietojen poistamista, jos tietojen k\u00e4sittely ei ole tarpeen. K\u00e4sittelemme poistopyynn\u00f6n, jonka j\u00e4lkeen joko poistamme tiedot tai ilmoittamme perustellun syyn, miksi tietoja ei voida poistaa.<\/p>\n\n\n\n<p>On huomioitava, ett\u00e4 rekisterinpit\u00e4j\u00e4 voi olla lakis\u00e4teinen tai muu oikeus olla poistamatta pyydetty\u00e4 tietoa (esim. kirjanpitoaineista).<\/p>\n\n\n\n<p><strong>Suostumuksen peruuttaminen<\/strong><\/p>\n\n\n\n<p>Rekister\u00f6idyll\u00e4 on oikeus peruuttaa tai muuttaa suostumus, jos henkil\u00f6tietojen k\u00e4sittely perustuu ainoastaan suostumukseen, eik\u00e4 esim. asiakkuuteen.<\/p>\n\n\n\n<p><strong>Valitusoikeus<\/strong><\/p>\n\n\n\n<p>Rekister\u00f6idyll\u00e4 on oikeus tehd\u00e4 valitus henkil\u00f6tietojen k\u00e4sittelyst\u00e4 valvontaviranomaisille, jos h\u00e4n kokee, ett\u00e4 rikomme henkil\u00f6tietoa k\u00e4sitelless\u00e4mme voimassa oleva tietosuojalains\u00e4\u00e4d\u00e4nt\u00f6\u00e4.<\/p>\n\n\n\n<p>Rekister\u00f6ity voi vaatia, ett\u00e4 rajoitamme kiistanalaisten tietojen k\u00e4sittely\u00e4 siksi aikaa, kunnes asia saadaan ratkaistua.<\/p>\n\n\n\n<p><strong>12. Muutokset t\u00e4h\u00e4n tietosuojaselosteeseen<\/strong><\/p>\n\n\n\n<p>T\u00e4t\u00e4 tietosuojaselostetta voidaan p\u00e4ivitt\u00e4\u00e4 aika ajoin esimerkiksi lains\u00e4\u00e4d\u00e4nn\u00f6n muuttuessa. <\/p>\n\n\n\n<p>T\u00e4m\u00e4 tietosuojaseloste on viimeksi p\u00e4ivitetty 25.07.2022<\/p>\n","protected":false},"excerpt":{"rendered":"<p>1. Rekisterinpit\u00e4j\u00e4 Windland \u2013 Ohjelmapalvelut luonnossa, Y-tunnus 2923709-5 Yhteystiedot: Ruiskuja 4, 91910 Tupos 2. Rekisterist\u00e4 vastaava yhteyshenkil\u00f6 Christiane Klebl Ruiskuja 4 91910 Tupos Puhelin: +358 46 5819 257 S\u00e4hk\u00f6posti: christiane@windland.fi 3. Rekister\u00f6idyt Windland k\u00e4sittelee asiakas- ja markkinointirekisteriss\u00e4 asiakkaiden ja potentiaalisten asiakkaiden ja n\u00e4iden edustajien henkil\u00f6tietoja. 4. Henkil\u00f6tietojen oikeusperuste ja k\u00e4sittelyn [&hellip;]<\/p>\n","protected":false},"author":1,"featured_media":0,"parent":50,"menu_order":4,"comment_status":"closed","ping_status":"closed","template":"","meta":{"_coblocks_attr":"","_coblocks_dimensions":"","_coblocks_responsive_height":"","_coblocks_accordion_ie_support":"","footnotes":""},"class_list":["post-60","page","type-page","status-publish","hentry"],"translation":{"provider":"WPGlobus","version":"3.0.2","language":"en","enabled_languages":["fi","en","de"],"languages":{"fi":{"title":true,"content":true,"excerpt":false},"en":{"title":true,"content":false,"excerpt":false},"de":{"title":true,"content":true,"excerpt":false}}},"_links":{"self":[{"href":"https:\/\/www.windland.fi\/en\/wp-json\/wp\/v2\/pages\/60","targetHints":{"allow":["GET"]}}],"collection":[{"href":"https:\/\/www.windland.fi\/en\/wp-json\/wp\/v2\/pages"}],"about":[{"href":"https:\/\/www.windland.fi\/en\/wp-json\/wp\/v2\/types\/page"}],"author":[{"embeddable":true,"href":"https:\/\/www.windland.fi\/en\/wp-json\/wp\/v2\/users\/1"}],"replies":[{"embeddable":true,"href":"https:\/\/www.windland.fi\/en\/wp-json\/wp\/v2\/comments?post=60"}],"version-history":[{"count":0,"href":"https:\/\/www.windland.fi\/en\/wp-json\/wp\/v2\/pages\/60\/revisions"}],"up":[{"embeddable":true,"href":"https:\/\/www.windland.fi\/en\/wp-json\/wp\/v2\/pages\/50"}],"wp:attachment":[{"href":"https:\/\/www.windland.fi\/en\/wp-json\/wp\/v2\/media?parent=60"}],"curies":[{"name":"wp","href":"https:\/\/api.w.org\/{rel}","templated":true}]}}